{"id":1814,"date":"2023-10-25T08:39:30","date_gmt":"2023-10-25T08:39:30","guid":{"rendered":"https:\/\/motocenter-rhodes.com\/usually-asked-questions\/"},"modified":"2025-01-18T19:56:14","modified_gmt":"2025-01-18T19:56:14","slug":"usually-asked-questions","status":"publish","type":"page","link":"https:\/\/motocenter-rhodes.com\/fr\/usually-asked-questions\/","title":{"rendered":"Questions fr\u00e9quemment pos\u00e9es"},"content":{"rendered":"\t\t<div data-elementor-type=\"wp-page\" data-elementor-id=\"1814\" class=\"elementor elementor-1814 elementor-359\" data-elementor-post-type=\"page\">\n\t\t\t\t\t\t<section class=\"elementor-section elementor-top-section elementor-element elementor-element-2cbc2f2a elementor-section-height-min-height elementor-section-boxed elementor-section-height-default elementor-section-items-middle\" data-id=\"2cbc2f2a\" data-element_type=\"section\" data-settings=\"{&quot;background_background&quot;:&quot;classic&quot;}\">\n\t\t\t\t\t\t\t<div class=\"elementor-background-overlay\"><\/div>\n\t\t\t\t\t\t\t<div class=\"elementor-container elementor-column-gap-default\">\n\t\t\t\t\t<div class=\"elementor-column elementor-col-100 elementor-top-column elementor-element elementor-element-22f18689\" data-id=\"22f18689\" data-element_type=\"column\">\n\t\t\t<div class=\"elementor-widget-wrap elementor-element-populated\">\n\t\t\t\t\t\t<div class=\"elementor-element elementor-element-3ce4017 elementor-icon-list--layout-inline elementor-list-item-link-full_width elementor-widget elementor-widget-icon-list\" data-id=\"3ce4017\" data-element_type=\"widget\" data-widget_type=\"icon-list.default\">\n\t\t\t\t<div class=\"elementor-widget-container\">\n\t\t\t\t\t\t\t<ul class=\"elementor-icon-list-items elementor-inline-items\">\n\t\t\t\t\t\t\t<li class=\"elementor-icon-list-item elementor-inline-item\">\n\t\t\t\t\t\t\t\t\t\t<span class=\"elementor-icon-list-text\">Page d'accueil<\/span>\n\t\t\t\t\t\t\t\t\t<\/li>\n\t\t\t\t\t\t\t\t<li class=\"elementor-icon-list-item elementor-inline-item\">\n\t\t\t\t\t\t\t\t\t\t\t<a href=\"https:\/\/motocenter-rhodes.com\/fr\/usually-asked-questions\/\">\n\n\t\t\t\t\t\t\t\t\t\t\t\t<span class=\"elementor-icon-list-icon\">\n\t\t\t\t\t\t\t<i aria-hidden=\"true\" class=\"fas fa-caret-right\"><\/i>\t\t\t\t\t\t<\/span>\n\t\t\t\t\t\t\t\t\t\t<span class=\"elementor-icon-list-text\">La flotte<\/span>\n\t\t\t\t\t\t\t\t\t\t\t<\/a>\n\t\t\t\t\t\t\t\t\t<\/li>\n\t\t\t\t\t\t<\/ul>\n\t\t\t\t\t\t<\/div>\n\t\t\t\t<\/div>\n\t\t\t\t<div class=\"elementor-element elementor-element-128ddf69 elementor-widget elementor-widget-heading\" data-id=\"128ddf69\" data-element_type=\"widget\" data-widget_type=\"heading.default\">\n\t\t\t\t<div class=\"elementor-widget-container\">\n\t\t\t\t\t<h1 class=\"elementor-heading-title elementor-size-default\">QUESTIONS FR\u00c9QUEMMENT POS\u00c9ES<\/h1>\t\t\t\t<\/div>\n\t\t\t\t<\/div>\n\t\t\t\t<div class=\"elementor-element elementor-element-13f97528 elementor-widget-divider--view-line elementor-widget elementor-widget-divider\" data-id=\"13f97528\" data-element_type=\"widget\" data-widget_type=\"divider.default\">\n\t\t\t\t<div class=\"elementor-widget-container\">\n\t\t\t\t\t\t\t<div class=\"elementor-divider\">\n\t\t\t<span class=\"elementor-divider-separator\">\n\t\t\t\t\t\t<\/span>\n\t\t<\/div>\n\t\t\t\t\t\t<\/div>\n\t\t\t\t<\/div>\n\t\t\t\t\t<\/div>\n\t\t<\/div>\n\t\t\t\t\t<\/div>\n\t\t<\/section>\n\t\t\t\t<section class=\"elementor-section elementor-top-section elementor-element elementor-element-067d2d7 elementor-section-boxed elementor-section-height-default elementor-section-height-default\" data-id=\"067d2d7\" data-element_type=\"section\">\n\t\t\t\t\t\t<div class=\"elementor-container elementor-column-gap-no\">\n\t\t\t\t\t<div class=\"elementor-column elementor-col-100 elementor-top-column elementor-element elementor-element-8fe2fe4\" data-id=\"8fe2fe4\" data-element_type=\"column\">\n\t\t\t<div class=\"elementor-widget-wrap elementor-element-populated\">\n\t\t\t\t\t\t<div class=\"elementor-element elementor-element-cbf8f3a elementor-invisible elementor-widget elementor-widget-heading\" data-id=\"cbf8f3a\" data-element_type=\"widget\" data-settings=\"{&quot;_animation&quot;:&quot;fadeInUp&quot;}\" data-widget_type=\"heading.default\">\n\t\t\t\t<div class=\"elementor-widget-container\">\n\t\t\t\t\t<span class=\"elementor-heading-title elementor-size-default\">Obtenez de l'aide de notre part<\/span>\t\t\t\t<\/div>\n\t\t\t\t<\/div>\n\t\t\t\t<div class=\"elementor-element elementor-element-a051f4c elementor-invisible elementor-widget elementor-widget-heading\" data-id=\"a051f4c\" data-element_type=\"widget\" data-settings=\"{&quot;_animation&quot;:&quot;fadeInUp&quot;,&quot;_animation_delay&quot;:200}\" data-widget_type=\"heading.default\">\n\t\t\t\t<div class=\"elementor-widget-container\">\n\t\t\t\t\t<h2 class=\"elementor-heading-title elementor-size-default\">Questions fr\u00e9quemment pos\u00e9es<\/h2>\t\t\t\t<\/div>\n\t\t\t\t<\/div>\n\t\t\t\t<section class=\"elementor-section elementor-inner-section elementor-element elementor-element-c21b373 elementor-section-boxed elementor-section-height-default elementor-section-height-default\" data-id=\"c21b373\" data-element_type=\"section\">\n\t\t\t\t\t\t<div class=\"elementor-container elementor-column-gap-no\">\n\t\t\t\t\t<div class=\"elementor-column elementor-col-100 elementor-inner-column elementor-element elementor-element-bf53d28\" data-id=\"bf53d28\" data-element_type=\"column\">\n\t\t\t<div class=\"elementor-widget-wrap elementor-element-populated\">\n\t\t\t\t\t\t<div class=\"elementor-element elementor-element-bf7c51d elementor-widget__width-initial elementor-widget elementor-widget-heading\" data-id=\"bf7c51d\" data-element_type=\"widget\" data-widget_type=\"heading.default\">\n\t\t\t\t<div class=\"elementor-widget-container\">\n\t\t\t\t\t<h2 class=\"elementor-heading-title elementor-size-default\">Questions fr\u00e9quemment pos\u00e9es sur la location d'une moto dans l'\u00eele de Rhodes<\/h2>\t\t\t\t<\/div>\n\t\t\t\t<\/div>\n\t\t\t\t\t<\/div>\n\t\t<\/div>\n\t\t\t\t\t<\/div>\n\t\t<\/section>\n\t\t\t\t<section class=\"elementor-section elementor-inner-section elementor-element elementor-element-9a5b497 elementor-section-boxed elementor-section-height-default elementor-section-height-default\" data-id=\"9a5b497\" data-element_type=\"section\">\n\t\t\t\t\t\t<div class=\"elementor-container elementor-column-gap-default\">\n\t\t\t\t\t<div class=\"elementor-column elementor-col-100 elementor-inner-column elementor-element elementor-element-4bf472f\" data-id=\"4bf472f\" data-element_type=\"column\">\n\t\t\t<div class=\"elementor-widget-wrap elementor-element-populated\">\n\t\t\t\t\t\t<div class=\"elementor-element elementor-element-97833d2 elementor-widget elementor-widget-text-editor\" data-id=\"97833d2\" data-element_type=\"widget\" data-widget_type=\"text-editor.default\">\n\t\t\t\t<div class=\"elementor-widget-container\">\n\t\t\t\t\t\t\t\t\t<p>1) Vous pouvez faire une r\u00e9servation et demander \u00e0 avoir un scooter \u00e0 l&rsquo;endroit que vous souhaitez.<\/p>\n<p>2) Les livraisons sont effectu\u00e9es dans les r\u00e9gions suivantes.<\/p>\n<p>RHODES TOWN , IXIA,IALYSSOS, KREMASTI, AIRPORT, PARADEISI, THEOLOGOS, KALITHEA, FALIRAKI, KOSKINOU, KOLYMBIA, AFANTOU.<\/p>\n<p>3} Il est n\u00e9cessaire d&rsquo;indiquer la zone, l&rsquo;h\u00f4tel et l&rsquo;adresse sur le formulaire de r\u00e9servation, pour ces zones il n&rsquo;y a pas de frais suppl\u00e9mentaires pour la livraison du v\u00e9hicule.<\/p>\n<p>4} Pour les r\u00e9gions plus \u00e9loign\u00e9es, contactez le bureau MOTOCENTER pour plus d&rsquo;informations.<\/p>\n<p>5} Notez le nombre de casques dont vous avez besoin lorsqu&rsquo;ils sont inclus dans le prix.<\/p>\n<p>6} Vous pouvez faire autant de kilom\u00e8tres que vous voulez, c&rsquo;est illimit\u00e9.<\/p>\n<p>7} Tous les scooters ont un coffre {TOP BOX} et un espace sous la selle.<\/p>\n<p>8} Que faire si vous avez un probl\u00e8me de pneu ou un probl\u00e8me m\u00e9canique, appelez-nous imm\u00e9diatement et nous serons l\u00e0 d\u00e8s que possible pour r\u00e9parer le probl\u00e8me ou remplacer le v\u00e9hicule.<\/p>\n<p>9} En cas d&rsquo;accident, appelez imm\u00e9diatement la police { NR 100 } et MOTOCENTER. Si vous ne le faites pas, votre assurance peut ne pas vous couvrir. En outre, l&rsquo;assurance ne couvre en aucun cas les dommages caus\u00e9s par votre propre faute, par exemple si vous faites une chute ou si vous sortez de la route, si vous sortez de l&rsquo;asphalte K. L. P.<\/p>\n<p>10} Quelle assurance pouvez-vous souscrire ? Vous pouvez souscrire une assurance responsabilit\u00e9 civile, ce qui signifie qu&rsquo;en cas d&rsquo;accident avec un autre v\u00e9hicule dont vous \u00eates responsable, vous devrez prendre en charge les dommages subis par votre propre v\u00e9hicule. Si l&rsquo;autre v\u00e9hicule est responsable, tout sera pris en charge par l&rsquo;assurance. L&rsquo;autre conseil est d&rsquo;avoir une assurance COMPL\u00c8TE. Si vous avez un accident avec un autre v\u00e9hicule, tout sera pay\u00e9 par l&rsquo;assurance, que vous soyez responsable ou non.<\/p>\n<p>11} Nous r\u00e9p\u00e9tons que l&rsquo;assurance n&rsquo;intervient qu&rsquo;en cas d&rsquo;accident impliquant deux ou plusieurs v\u00e9hicules.<\/p>\n<p>12} L&rsquo;assurance contre le vol est incluse dans le prix.<\/p>\n<p>13} Si vous perdez la cl\u00e9 du v\u00e9hicule, le tarif est de 30.<\/p>\n<p>14} Il y a deux m\u00e9thodes de paiement, le paiement EN LIGNE au moment de la r\u00e9servation, ou en esp\u00e8ces au moment de la prise en charge du v\u00e9hicule.<\/p>\n<p>15} Si vous annulez la r\u00e9servation plus de 10 jours avant le jour de la location, vous devrez payer 24% du prix total, si la r\u00e9servation est annul\u00e9e dans les 10 derniers jours, vous devrez payer 35% du prix total. Ceci ne s&rsquo;applique qu&rsquo;aux r\u00e9servations qui ont d\u00e9j\u00e0 \u00e9t\u00e9 pr\u00e9pay\u00e9es EN LIGNE. Pour les r\u00e9servations qui ont \u00e9t\u00e9 choisies pour \u00eatre pay\u00e9es par contre-remboursement, l&rsquo;annulation est gratuite.<\/p>\n<p>16} Pour toute autre question ou interrogation nous sommes toujours \u00e0 votre disposition envoyez un EMAIL \u00e0 info@ motocenter-rhodes. com APPELER +30 6932029681<\/p>\n<p>APPELEZ OU ENVOYEZ UN MESSAGE SUR WHATSUP +30 6932029681&#8230;<\/p>\t\t\t\t\t\t\t\t<\/div>\n\t\t\t\t<\/div>\n\t\t\t\t\t<\/div>\n\t\t<\/div>\n\t\t\t\t\t<\/div>\n\t\t<\/section>\n\t\t\t\t\t<\/div>\n\t\t<\/div>\n\t\t\t\t\t<\/div>\n\t\t<\/section>\n\t\t\t\t<section class=\"elementor-section elementor-top-section elementor-element elementor-element-8f888a9 elementor-section-boxed elementor-section-height-default elementor-section-height-default\" data-id=\"8f888a9\" data-element_type=\"section\">\n\t\t\t\t\t\t<div class=\"elementor-container elementor-column-gap-default\">\n\t\t\t\t\t<div class=\"elementor-column elementor-col-50 elementor-top-column elementor-element elementor-element-eede908\" data-id=\"eede908\" data-element_type=\"column\" data-settings=\"{&quot;background_background&quot;:&quot;classic&quot;}\">\n\t\t\t<div class=\"elementor-widget-wrap elementor-element-populated\">\n\t\t\t\t\t\t<div class=\"elementor-element elementor-element-9afd282 elementor-invisible elementor-widget elementor-widget-heading\" data-id=\"9afd282\" data-element_type=\"widget\" data-settings=\"{&quot;_animation&quot;:&quot;fadeInUp&quot;,&quot;_animation_delay&quot;:200}\" data-widget_type=\"heading.default\">\n\t\t\t\t<div class=\"elementor-widget-container\">\n\t\t\t\t\t<h1 class=\"elementor-heading-title elementor-size-default\">Louer un scooter ou une moto \u00e0 Rhodes<\/h1>\t\t\t\t<\/div>\n\t\t\t\t<\/div>\n\t\t\t\t<div class=\"elementor-element elementor-element-6811f90 elementor-widget-divider--view-line elementor-widget elementor-widget-divider\" data-id=\"6811f90\" data-element_type=\"widget\" data-widget_type=\"divider.default\">\n\t\t\t\t<div class=\"elementor-widget-container\">\n\t\t\t\t\t\t\t<div class=\"elementor-divider\">\n\t\t\t<span class=\"elementor-divider-separator\">\n\t\t\t\t\t\t<\/span>\n\t\t<\/div>\n\t\t\t\t\t\t<\/div>\n\t\t\t\t<\/div>\n\t\t\t\t<div class=\"elementor-element elementor-element-d8c305b elementor-widget elementor-widget-text-editor\" data-id=\"d8c305b\" data-element_type=\"widget\" data-widget_type=\"text-editor.default\">\n\t\t\t\t<div class=\"elementor-widget-container\">\n\t\t\t\t\t\t\t\t\t<p>Louer une moto \u00e0 Rhodes est certainement l&rsquo;une des fa\u00e7ons les plus populaires d&rsquo;explorer l&rsquo;\u00eele ou m\u00eame les environs de l&rsquo;endroit que vous avez choisi pour passer vos vacances.<br \/>La soci\u00e9t\u00e9 MOTO CENTER op\u00e8re depuis de nombreuses ann\u00e9es dans le secteur de la location de motos et de motocyclettes, avec une grande flotte en sa possession et un personnel de service permanent, exp\u00e9riment\u00e9, technique et multilingue.<\/p>\n\t\t\t\t\t\t\t\t<\/div>\n\t\t\t\t<\/div>\n\t\t\t\t<div class=\"elementor-element elementor-element-f70741b elementor-widget elementor-widget-text-editor\" data-id=\"f70741b\" data-element_type=\"widget\" data-widget_type=\"text-editor.default\">\n\t\t\t\t<div class=\"elementor-widget-container\">\n\t\t\t\t\t\t\t\t\t<p><strong><span class=\"tlid-translation translation\" lang=\"en\"><span title=\"\">HEURES D&rsquo;OUVERTURE DU BUREAU : <\/span><\/span><\/strong><span class=\"tlid-translation translation\" lang=\"en\"><span title=\"\">08.00 &#8211; 22.00<\/span><\/span><\/p>\n<p>Paiements s\u00e9curis\u00e9s d&rsquo;Alpha e-Commerce<br \/>Tous les paiements effectu\u00e9s au moyen de la carte sont trait\u00e9s par la plateforme de paiement \u00e9lectronique d'\u00a0\u00bbAlpha e-Commerce\u00a0\u00bb d&rsquo;Alpha Bank et utilisent le protocole de cryptage TLS 1.2 avec 128 bits (Secure Sockets Layer &#8211; SSL).<\/p>\n\t\t\t\t\t\t\t\t<\/div>\n\t\t\t\t<\/div>\n\t\t\t\t\t<\/div>\n\t\t<\/div>\n\t\t\t\t<div class=\"elementor-column elementor-col-50 elementor-top-column elementor-element elementor-element-f03db5a\" data-id=\"f03db5a\" data-element_type=\"column\" data-settings=\"{&quot;background_background&quot;:&quot;classic&quot;}\">\n\t\t\t<div class=\"elementor-widget-wrap elementor-element-populated\">\n\t\t\t\t\t\t<div class=\"elementor-element elementor-element-d70829e elementor-widget elementor-widget-heading\" data-id=\"d70829e\" data-element_type=\"widget\" data-widget_type=\"heading.default\">\n\t\t\t\t<div class=\"elementor-widget-container\">\n\t\t\t\t\t<h2 class=\"elementor-heading-title elementor-size-default\">Le prix comprend :<\/h2>\t\t\t\t<\/div>\n\t\t\t\t<\/div>\n\t\t\t\t<div class=\"elementor-element elementor-element-e442eaf elementor-widget__width-initial elementor-widget-mobile__width-inherit elementor-icon-list--layout-traditional elementor-list-item-link-full_width elementor-widget elementor-widget-icon-list\" data-id=\"e442eaf\" data-element_type=\"widget\" data-widget_type=\"icon-list.default\">\n\t\t\t\t<div class=\"elementor-widget-container\">\n\t\t\t\t\t\t\t<ul class=\"elementor-icon-list-items\">\n\t\t\t\t\t\t\t<li class=\"elementor-icon-list-item\">\n\t\t\t\t\t\t\t\t\t\t\t<span class=\"elementor-icon-list-icon\">\n\t\t\t\t\t\t\t<i aria-hidden=\"true\" class=\"fas fa-check\"><\/i>\t\t\t\t\t\t<\/span>\n\t\t\t\t\t\t\t\t\t\t<span class=\"elementor-icon-list-text\">Assurance<\/span>\n\t\t\t\t\t\t\t\t\t<\/li>\n\t\t\t\t\t\t<\/ul>\n\t\t\t\t\t\t<\/div>\n\t\t\t\t<\/div>\n\t\t\t\t<div class=\"elementor-element elementor-element-0ef05a4 elementor-widget__width-initial elementor-widget-mobile__width-inherit elementor-icon-list--layout-traditional elementor-list-item-link-full_width elementor-widget elementor-widget-icon-list\" data-id=\"0ef05a4\" data-element_type=\"widget\" data-widget_type=\"icon-list.default\">\n\t\t\t\t<div class=\"elementor-widget-container\">\n\t\t\t\t\t\t\t<ul class=\"elementor-icon-list-items\">\n\t\t\t\t\t\t\t<li class=\"elementor-icon-list-item\">\n\t\t\t\t\t\t\t\t\t\t\t<span class=\"elementor-icon-list-icon\">\n\t\t\t\t\t\t\t<i aria-hidden=\"true\" class=\"fas fa-check\"><\/i>\t\t\t\t\t\t<\/span>\n\t\t\t\t\t\t\t\t\t\t<span class=\"elementor-icon-list-text\">Assistance routi\u00e8re<\/span>\n\t\t\t\t\t\t\t\t\t<\/li>\n\t\t\t\t\t\t<\/ul>\n\t\t\t\t\t\t<\/div>\n\t\t\t\t<\/div>\n\t\t\t\t<div class=\"elementor-element elementor-element-90d5181 elementor-widget__width-initial elementor-widget-mobile__width-inherit elementor-icon-list--layout-traditional elementor-list-item-link-full_width elementor-widget elementor-widget-icon-list\" data-id=\"90d5181\" data-element_type=\"widget\" data-widget_type=\"icon-list.default\">\n\t\t\t\t<div class=\"elementor-widget-container\">\n\t\t\t\t\t\t\t<ul class=\"elementor-icon-list-items\">\n\t\t\t\t\t\t\t<li class=\"elementor-icon-list-item\">\n\t\t\t\t\t\t\t\t\t\t\t<span class=\"elementor-icon-list-icon\">\n\t\t\t\t\t\t\t<i aria-hidden=\"true\" class=\"fas fa-check\"><\/i>\t\t\t\t\t\t<\/span>\n\t\t\t\t\t\t\t\t\t\t<span class=\"elementor-icon-list-text\">Kilom\u00e8tres gratuits<\/span>\n\t\t\t\t\t\t\t\t\t<\/li>\n\t\t\t\t\t\t<\/ul>\n\t\t\t\t\t\t<\/div>\n\t\t\t\t<\/div>\n\t\t\t\t<div class=\"elementor-element elementor-element-257a0e7 elementor-widget__width-initial elementor-widget-mobile__width-inherit elementor-icon-list--layout-traditional elementor-list-item-link-full_width elementor-widget elementor-widget-icon-list\" data-id=\"257a0e7\" data-element_type=\"widget\" data-widget_type=\"icon-list.default\">\n\t\t\t\t<div class=\"elementor-widget-container\">\n\t\t\t\t\t\t\t<ul class=\"elementor-icon-list-items\">\n\t\t\t\t\t\t\t<li class=\"elementor-icon-list-item\">\n\t\t\t\t\t\t\t\t\t\t\t<span class=\"elementor-icon-list-icon\">\n\t\t\t\t\t\t\t<i aria-hidden=\"true\" class=\"fas fa-check\"><\/i>\t\t\t\t\t\t<\/span>\n\t\t\t\t\t\t\t\t\t\t<span class=\"elementor-icon-list-text\">Casques<\/span>\n\t\t\t\t\t\t\t\t\t<\/li>\n\t\t\t\t\t\t<\/ul>\n\t\t\t\t\t\t<\/div>\n\t\t\t\t<\/div>\n\t\t\t\t<div class=\"elementor-element elementor-element-9646f40 elementor-widget__width-initial elementor-widget-mobile__width-inherit elementor-icon-list--layout-traditional elementor-list-item-link-full_width elementor-widget elementor-widget-icon-list\" data-id=\"9646f40\" data-element_type=\"widget\" data-widget_type=\"icon-list.default\">\n\t\t\t\t<div class=\"elementor-widget-container\">\n\t\t\t\t\t\t\t<ul class=\"elementor-icon-list-items\">\n\t\t\t\t\t\t\t<li class=\"elementor-icon-list-item\">\n\t\t\t\t\t\t\t\t\t\t\t<span class=\"elementor-icon-list-icon\">\n\t\t\t\t\t\t\t<i aria-hidden=\"true\" class=\"fas fa-check\"><\/i>\t\t\t\t\t\t<\/span>\n\t\t\t\t\t\t\t\t\t\t<span class=\"elementor-icon-list-text\">Toutes les taxes (24%)<\/span>\n\t\t\t\t\t\t\t\t\t<\/li>\n\t\t\t\t\t\t<\/ul>\n\t\t\t\t\t\t<\/div>\n\t\t\t\t<\/div>\n\t\t\t\t<div class=\"elementor-element elementor-element-a6c3f11 elementor-widget__width-initial elementor-widget elementor-widget-text-editor\" data-id=\"a6c3f11\" data-element_type=\"widget\" data-widget_type=\"text-editor.default\">\n\t\t\t\t<div class=\"elementor-widget-container\">\n\t\t\t\t\t\t\t\t\t<p>Si vous n&rsquo;\u00eates pas citoyen europ\u00e9en, vous devez \u00eatre en possession d&rsquo;un permis de conduire international.<\/p>\n<p>La conduite hors route est INTERDITE<br \/><span class=\"tlid-translation translation\" lang=\"en\"><span title=\"\">Il n&rsquo;est pas possible de louer une moto avec une photocopie du permis de conduire.<\/span><\/span><br \/>Conducteur suppl\u00e9mentaire (sur demande) pour toutes les cat\u00e9gories.<strong><br \/><\/strong>Le conducteur doit \u00eatre en possession d&rsquo;un permis de conduire l\u00e9gal \u00e0 son nom.<\/p>\n<p><span class=\"tlid-translation translation\" lang=\"en\"><span title=\"\">Les motos (ou scooters) ne peuvent conduire que la personne qui les a lou\u00e9es.<\/span><\/span><\/p>\n<p>Carburant : <span class=\"tlid-translation translation\" lang=\"en\"><span title=\"\">Le co\u00fbt du carburant est \u00e0 la charge exclusive du locataire.<br \/>Le locataire est tenu de restituer le v\u00e9lo avec le contenu du r\u00e9servoir tel qu&rsquo;il \u00e9tait \u00e0 la r\u00e9ception.<\/span><\/span><\/p>\n\t\t\t\t\t\t\t\t<\/div>\n\t\t\t\t<\/div>\n\t\t\t\t\t<\/div>\n\t\t<\/div>\n\t\t\t\t\t<\/div>\n\t\t<\/section>\n\t\t\t\t<\/div>\n\t\t","protected":false},"excerpt":{"rendered":"<p>Page d&rsquo;accueil La flotte QUESTIONS FR\u00c9QUEMMENT POS\u00c9ES Obtenez de l&rsquo;aide de notre part Questions fr\u00e9quemment pos\u00e9es Questions fr\u00e9quemment pos\u00e9es sur la location d&rsquo;une moto dans l&rsquo;\u00eele de Rhodes 1) Vous pouvez faire une r\u00e9servation et demander \u00e0 avoir un scooter \u00e0 l&rsquo;endroit que vous souhaitez. 2) Les livraisons sont effectu\u00e9es dans les r\u00e9gions suivantes. RHODES [&hellip;]<\/p>\n","protected":false},"author":1,"featured_media":0,"parent":0,"menu_order":0,"comment_status":"closed","ping_status":"closed","template":"elementor_header_footer","meta":{"om_disable_all_campaigns":false,"_monsterinsights_skip_tracking":false,"_monsterinsights_sitenote_active":false,"_monsterinsights_sitenote_note":"","_monsterinsights_sitenote_category":0,"footnotes":""},"class_list":["post-1814","page","type-page","status-publish","hentry"],"aioseo_notices":[],"_links":{"self":[{"href":"https:\/\/motocenter-rhodes.com\/fr\/wp-json\/wp\/v2\/pages\/1814","targetHints":{"allow":["GET"]}}],"collection":[{"href":"https:\/\/motocenter-rhodes.com\/fr\/wp-json\/wp\/v2\/pages"}],"about":[{"href":"https:\/\/motocenter-rhodes.com\/fr\/wp-json\/wp\/v2\/types\/page"}],"author":[{"embeddable":true,"href":"https:\/\/motocenter-rhodes.com\/fr\/wp-json\/wp\/v2\/users\/1"}],"replies":[{"embeddable":true,"href":"https:\/\/motocenter-rhodes.com\/fr\/wp-json\/wp\/v2\/comments?post=1814"}],"version-history":[{"count":2,"href":"https:\/\/motocenter-rhodes.com\/fr\/wp-json\/wp\/v2\/pages\/1814\/revisions"}],"predecessor-version":[{"id":1863,"href":"https:\/\/motocenter-rhodes.com\/fr\/wp-json\/wp\/v2\/pages\/1814\/revisions\/1863"}],"wp:attachment":[{"href":"https:\/\/motocenter-rhodes.com\/fr\/wp-json\/wp\/v2\/media?parent=1814"}],"curies":[{"name":"wp","href":"https:\/\/api.w.org\/{rel}","templated":true}]}}