{"id":1812,"date":"2023-10-25T08:39:30","date_gmt":"2023-10-25T08:39:30","guid":{"rendered":"https:\/\/motocenter-rhodes.com\/usually-asked-questions\/"},"modified":"2025-01-19T20:56:26","modified_gmt":"2025-01-19T20:56:26","slug":"casto-kladene-otazky","status":"publish","type":"page","link":"https:\/\/motocenter-rhodes.com\/cs\/casto-kladene-otazky\/","title":{"rendered":"Obvykle kladen\u00e9 ot\u00e1zky"},"content":{"rendered":"\t\t<div data-elementor-type=\"wp-page\" data-elementor-id=\"1812\" class=\"elementor elementor-1812 elementor-359\" data-elementor-post-type=\"page\">\n\t\t\t\t\t\t<section class=\"elementor-section elementor-top-section elementor-element elementor-element-2cbc2f2a elementor-section-height-min-height elementor-section-boxed elementor-section-height-default elementor-section-items-middle\" data-id=\"2cbc2f2a\" data-element_type=\"section\" data-settings=\"{&quot;background_background&quot;:&quot;classic&quot;}\">\n\t\t\t\t\t\t\t<div class=\"elementor-background-overlay\"><\/div>\n\t\t\t\t\t\t\t<div class=\"elementor-container elementor-column-gap-default\">\n\t\t\t\t\t<div class=\"elementor-column elementor-col-100 elementor-top-column elementor-element elementor-element-22f18689\" data-id=\"22f18689\" data-element_type=\"column\">\n\t\t\t<div class=\"elementor-widget-wrap elementor-element-populated\">\n\t\t\t\t\t\t<div class=\"elementor-element elementor-element-3ce4017 elementor-icon-list--layout-inline elementor-list-item-link-full_width elementor-widget elementor-widget-icon-list\" data-id=\"3ce4017\" data-element_type=\"widget\" data-widget_type=\"icon-list.default\">\n\t\t\t\t<div class=\"elementor-widget-container\">\n\t\t\t\t\t\t\t<ul class=\"elementor-icon-list-items elementor-inline-items\">\n\t\t\t\t\t\t\t<li class=\"elementor-icon-list-item elementor-inline-item\">\n\t\t\t\t\t\t\t\t\t\t<span class=\"elementor-icon-list-text\">Domovsk\u00e1 str\u00e1nka<\/span>\n\t\t\t\t\t\t\t\t\t<\/li>\n\t\t\t\t\t\t\t\t<li class=\"elementor-icon-list-item elementor-inline-item\">\n\t\t\t\t\t\t\t\t\t\t\t<a href=\"https:\/\/motocenter-rhodes.com\/cs\/casto-kladene-otazky\/\">\n\n\t\t\t\t\t\t\t\t\t\t\t\t<span class=\"elementor-icon-list-icon\">\n\t\t\t\t\t\t\t<i aria-hidden=\"true\" class=\"fas fa-caret-right\"><\/i>\t\t\t\t\t\t<\/span>\n\t\t\t\t\t\t\t\t\t\t<span class=\"elementor-icon-list-text\">Flotila<\/span>\n\t\t\t\t\t\t\t\t\t\t\t<\/a>\n\t\t\t\t\t\t\t\t\t<\/li>\n\t\t\t\t\t\t<\/ul>\n\t\t\t\t\t\t<\/div>\n\t\t\t\t<\/div>\n\t\t\t\t<div class=\"elementor-element elementor-element-128ddf69 elementor-widget elementor-widget-heading\" data-id=\"128ddf69\" data-element_type=\"widget\" data-widget_type=\"heading.default\">\n\t\t\t\t<div class=\"elementor-widget-container\">\n\t\t\t\t\t<h1 class=\"elementor-heading-title elementor-size-default\">\u010cASTO KLADEN\u00c9 OT\u00c1ZKY<\/h1>\t\t\t\t<\/div>\n\t\t\t\t<\/div>\n\t\t\t\t<div class=\"elementor-element elementor-element-13f97528 elementor-widget-divider--view-line elementor-widget elementor-widget-divider\" data-id=\"13f97528\" data-element_type=\"widget\" data-widget_type=\"divider.default\">\n\t\t\t\t<div class=\"elementor-widget-container\">\n\t\t\t\t\t\t\t<div class=\"elementor-divider\">\n\t\t\t<span class=\"elementor-divider-separator\">\n\t\t\t\t\t\t<\/span>\n\t\t<\/div>\n\t\t\t\t\t\t<\/div>\n\t\t\t\t<\/div>\n\t\t\t\t\t<\/div>\n\t\t<\/div>\n\t\t\t\t\t<\/div>\n\t\t<\/section>\n\t\t\t\t<section class=\"elementor-section elementor-top-section elementor-element elementor-element-067d2d7 elementor-section-boxed elementor-section-height-default elementor-section-height-default\" data-id=\"067d2d7\" data-element_type=\"section\">\n\t\t\t\t\t\t<div class=\"elementor-container elementor-column-gap-no\">\n\t\t\t\t\t<div class=\"elementor-column elementor-col-100 elementor-top-column elementor-element elementor-element-8fe2fe4\" data-id=\"8fe2fe4\" data-element_type=\"column\">\n\t\t\t<div class=\"elementor-widget-wrap elementor-element-populated\">\n\t\t\t\t\t\t<div class=\"elementor-element elementor-element-cbf8f3a elementor-invisible elementor-widget elementor-widget-heading\" data-id=\"cbf8f3a\" data-element_type=\"widget\" data-settings=\"{&quot;_animation&quot;:&quot;fadeInUp&quot;}\" data-widget_type=\"heading.default\">\n\t\t\t\t<div class=\"elementor-widget-container\">\n\t\t\t\t\t<span class=\"elementor-heading-title elementor-size-default\">Z\u00edskejte od n\u00e1s pomoc<\/span>\t\t\t\t<\/div>\n\t\t\t\t<\/div>\n\t\t\t\t<div class=\"elementor-element elementor-element-a051f4c elementor-invisible elementor-widget elementor-widget-heading\" data-id=\"a051f4c\" data-element_type=\"widget\" data-settings=\"{&quot;_animation&quot;:&quot;fadeInUp&quot;,&quot;_animation_delay&quot;:200}\" data-widget_type=\"heading.default\">\n\t\t\t\t<div class=\"elementor-widget-container\">\n\t\t\t\t\t<h2 class=\"elementor-heading-title elementor-size-default\">Obvykle kladen\u00e9 ot\u00e1zky<\/h2>\t\t\t\t<\/div>\n\t\t\t\t<\/div>\n\t\t\t\t<section class=\"elementor-section elementor-inner-section elementor-element elementor-element-c21b373 elementor-section-boxed elementor-section-height-default elementor-section-height-default\" data-id=\"c21b373\" data-element_type=\"section\">\n\t\t\t\t\t\t<div class=\"elementor-container elementor-column-gap-no\">\n\t\t\t\t\t<div class=\"elementor-column elementor-col-100 elementor-inner-column elementor-element elementor-element-bf53d28\" data-id=\"bf53d28\" data-element_type=\"column\">\n\t\t\t<div class=\"elementor-widget-wrap elementor-element-populated\">\n\t\t\t\t\t\t<div class=\"elementor-element elementor-element-bf7c51d elementor-widget__width-initial elementor-widget elementor-widget-heading\" data-id=\"bf7c51d\" data-element_type=\"widget\" data-widget_type=\"heading.default\">\n\t\t\t\t<div class=\"elementor-widget-container\">\n\t\t\t\t\t<h2 class=\"elementor-heading-title elementor-size-default\">\u010casto kladen\u00e9 ot\u00e1zky k pron\u00e1jmu motocyklu na ostrov\u011b Rhodos<\/h2>\t\t\t\t<\/div>\n\t\t\t\t<\/div>\n\t\t\t\t\t<\/div>\n\t\t<\/div>\n\t\t\t\t\t<\/div>\n\t\t<\/section>\n\t\t\t\t<section class=\"elementor-section elementor-inner-section elementor-element elementor-element-9a5b497 elementor-section-boxed elementor-section-height-default elementor-section-height-default\" data-id=\"9a5b497\" data-element_type=\"section\">\n\t\t\t\t\t\t<div class=\"elementor-container elementor-column-gap-default\">\n\t\t\t\t\t<div class=\"elementor-column elementor-col-100 elementor-inner-column elementor-element elementor-element-4bf472f\" data-id=\"4bf472f\" data-element_type=\"column\">\n\t\t\t<div class=\"elementor-widget-wrap elementor-element-populated\">\n\t\t\t\t\t\t<div class=\"elementor-element elementor-element-97833d2 elementor-widget elementor-widget-text-editor\" data-id=\"97833d2\" data-element_type=\"widget\" data-widget_type=\"text-editor.default\">\n\t\t\t\t<div class=\"elementor-widget-container\">\n\t\t\t\t\t\t\t\t\t<p>1) M\u016f\u017eete si ud\u011blat rezervaci a po\u017e\u00e1dat o zap\u016fj\u010den\u00ed sk\u00fatru na po\u017eadovan\u00e9m m\u00edst\u011b.<\/p>\n<p>2) Dod\u00e1vky se uskute\u010d\u0148uj\u00ed do n\u00e1sleduj\u00edc\u00edch oblast\u00ed.<\/p>\n<p>M\u011aSTO RHODES , IXIA, IALYSSOS, KREMASTI, LETI\u0160T\u011a, PARADEISI, THEOLOGOS, KALITHEA, FALIRAKI, KOSKINOU, KOLYMBIA, AFANTOU.<\/p>\n<p>3} V rezerva\u010dn\u00edm formul\u00e1\u0159i je nutn\u00e9 uv\u00e9st oblast, hotel a adresu, za tyto oblasti se neplat\u00ed \u017e\u00e1dn\u00fd p\u0159\u00edplatek za p\u0159istaven\u00ed vozidla.<\/p>\n<p>4} V p\u0159\u00edpad\u011b vzd\u00e1len\u011bj\u0161\u00edch oblast\u00ed kontaktujte kancel\u00e1\u0159 MOTOCENTRA a z\u00edskejte dal\u0161\u00ed informace.<\/p>\n<p>5} V\u0161imn\u011bte si, kolik p\u0159ileb pot\u0159ebujete, pokud jsou zahrnuty v cen\u011b.<\/p>\n<p>6} M\u016f\u017eete ujet tolik kilometr\u016f, kolik chcete, je to neomezen\u00e9.<\/p>\n<p>7} V\u0161echny sk\u00fatry maj\u00ed kufr {TOP BOX} a prostor pod sedlem.<\/p>\n<p>8} Co d\u011blat, kdy\u017e m\u00e1te probl\u00e9m s pneumatikami nebo mechanick\u00fdm po\u0161kozen\u00edm, okam\u017eit\u011b n\u00e1m zavolejte a my p\u0159ijedeme co nejd\u0159\u00edve, abychom probl\u00e9m odstranili nebo vozidlo vym\u011bnili.<\/p>\n<p>9} V p\u0159\u00edpad\u011b nehody okam\u017eit\u011b volejte policii { NR 100 } a MOTOCENTRUM. Pokud tak neu\u010din\u00edte, nemus\u00ed se na v\u00e1s vztahovat poji\u0161t\u011bn\u00ed. Poji\u0161t\u011bn\u00ed se tak\u00e9 v \u017e\u00e1dn\u00e9m p\u0159\u00edpad\u011b nevztahuje na \u0161kody zp\u016fsoben\u00e9 vlastn\u00edm zavin\u011bn\u00edm, nap\u0159. kdy\u017e spadnete nebo sjedete ze silnice, kdy\u017e sjedete z asfaltu K. L. P.<\/p>\n<p>10} Jak\u00e9 poji\u0161t\u011bn\u00ed m\u016f\u017eete m\u00edt, m\u016f\u017eete m\u00edt poji\u0161t\u011bn\u00ed odpov\u011bdnosti za \u0161kodu, co\u017e znamen\u00e1, \u017ee v p\u0159\u00edpad\u011b nehody s jin\u00fdm vozidlem, kterou zavin\u00edte, ponesete \u0161kodu na sv\u00e9m vozidle. Pokud je vin\u00edkem druh\u00e9 vozidlo, v\u0161e hrad\u00ed poji\u0161\u0165ovna. Dal\u0161\u00edm tipem je m\u00edt \u00daPLN\u00c9 poji\u0161t\u011bn\u00ed. Pokud dojde k nehod\u011b s jin\u00fdm vozidlem, v\u0161e hrad\u00ed poji\u0161\u0165ovna bez ohledu na to, zda jste nehodu zavinili.<\/p>\n<p>11} Opakujeme, \u017ee poji\u0161t\u011bn\u00ed se vztahuje pouze na p\u0159\u00edpad nehody dvou nebo v\u00edce vozidel.<\/p>\n<p>12} Poji\u0161t\u011bn\u00ed proti kr\u00e1de\u017ei je zahrnuto v cen\u011b.<\/p>\n<p>13} P\u0159i ztr\u00e1t\u011b kl\u00ed\u010de od vozidla je poplatek 30.<\/p>\n<p>14} Existuj\u00ed dva zp\u016fsoby platby: ON LINE platba p\u0159i rezervaci nebo platba v hotovosti p\u0159i p\u0159evzet\u00ed vozidla.<\/p>\n<p>15} Pokud rezervaci zru\u0161\u00edte v\u00edce ne\u017e 10 dn\u00ed p\u0159ed dnem pron\u00e1jmu, bude v\u00e1m \u00fa\u010dtov\u00e1no 24 % z celkov\u00e9 ceny, pokud rezervaci zru\u0161\u00edte v posledn\u00edch 10 dnech, bude v\u00e1m \u00fa\u010dtov\u00e1no 35 % z celkov\u00e9 ceny. To plat\u00ed pouze pro rezervace, kter\u00e9 ji\u017e byly p\u0159edem zaplaceny ON LINE. U rezervac\u00ed, u kter\u00fdch byla zvolena platba na dob\u00edrku, je storno zdarma.<\/p>\n<p>16} V p\u0159\u00edpad\u011b jak\u00fdchkoli dal\u0161\u00edch dotaz\u016f nebo ot\u00e1zek jsme v\u00e1m v\u017edy k dispozici na e-mailov\u00e9 adrese info@ motocenter-rhodes. com CALL +30 6932029681<\/p>\n<p>ZAVOLEJTE NEBO PO\u0160LETE ZPR\u00c1VU NA WHATSUP +30 6932029681..<\/p>\t\t\t\t\t\t\t\t<\/div>\n\t\t\t\t<\/div>\n\t\t\t\t\t<\/div>\n\t\t<\/div>\n\t\t\t\t\t<\/div>\n\t\t<\/section>\n\t\t\t\t\t<\/div>\n\t\t<\/div>\n\t\t\t\t\t<\/div>\n\t\t<\/section>\n\t\t\t\t<section class=\"elementor-section elementor-top-section elementor-element elementor-element-8f888a9 elementor-section-boxed elementor-section-height-default elementor-section-height-default\" data-id=\"8f888a9\" data-element_type=\"section\">\n\t\t\t\t\t\t<div class=\"elementor-container elementor-column-gap-default\">\n\t\t\t\t\t<div class=\"elementor-column elementor-col-50 elementor-top-column elementor-element elementor-element-eede908\" data-id=\"eede908\" data-element_type=\"column\" data-settings=\"{&quot;background_background&quot;:&quot;classic&quot;}\">\n\t\t\t<div class=\"elementor-widget-wrap elementor-element-populated\">\n\t\t\t\t\t\t<div class=\"elementor-element elementor-element-9afd282 elementor-invisible elementor-widget elementor-widget-heading\" data-id=\"9afd282\" data-element_type=\"widget\" data-settings=\"{&quot;_animation&quot;:&quot;fadeInUp&quot;,&quot;_animation_delay&quot;:200}\" data-widget_type=\"heading.default\">\n\t\t\t\t<div class=\"elementor-widget-container\">\n\t\t\t\t\t<h1 class=\"elementor-heading-title elementor-size-default\">P\u016fj\u010dovna sk\u00fatr\u016f a motocykl\u016f na Rhodosu<\/h1>\t\t\t\t<\/div>\n\t\t\t\t<\/div>\n\t\t\t\t<div class=\"elementor-element elementor-element-6811f90 elementor-widget-divider--view-line elementor-widget elementor-widget-divider\" data-id=\"6811f90\" data-element_type=\"widget\" data-widget_type=\"divider.default\">\n\t\t\t\t<div class=\"elementor-widget-container\">\n\t\t\t\t\t\t\t<div class=\"elementor-divider\">\n\t\t\t<span class=\"elementor-divider-separator\">\n\t\t\t\t\t\t<\/span>\n\t\t<\/div>\n\t\t\t\t\t\t<\/div>\n\t\t\t\t<\/div>\n\t\t\t\t<div class=\"elementor-element elementor-element-d8c305b elementor-widget elementor-widget-text-editor\" data-id=\"d8c305b\" data-element_type=\"widget\" data-widget_type=\"text-editor.default\">\n\t\t\t\t<div class=\"elementor-widget-container\">\n\t\t\t\t\t\t\t\t\t<p>P\u016fj\u010dovna kol na ostrov\u011b Rhodos je ur\u010dit\u011b jedn\u00edm z nejobl\u00edben\u011bj\u0161\u00edch zp\u016fsob\u016f, jak prozkoumat ostrov nebo dokonce okol\u00ed m\u00edsta, kter\u00e9 jste si vybrali pro str\u00e1ven\u00ed sv\u00e9 dovolen\u00e9.<br \/>Spole\u010dnost MOTO CENTER p\u016fsob\u00ed ji\u017e mnoho let v oblasti p\u016fj\u010doven motocykl\u016f a motorek s velk\u00fdm vozov\u00fdm parkem v dr\u017een\u00ed a se st\u00e1l\u00fdm, zku\u0161en\u00fdm, technick\u00fdm a v\u00edcejazy\u010dn\u00fdm servisn\u00edm person\u00e1lem.<\/p>\n\t\t\t\t\t\t\t\t<\/div>\n\t\t\t\t<\/div>\n\t\t\t\t<div class=\"elementor-element elementor-element-f70741b elementor-widget elementor-widget-text-editor\" data-id=\"f70741b\" data-element_type=\"widget\" data-widget_type=\"text-editor.default\">\n\t\t\t\t<div class=\"elementor-widget-container\">\n\t\t\t\t\t\t\t\t\t<p><strong><span class=\"tlid-translation translation\" lang=\"en\"><span title=\"\">KANCEL\u00c1\u0158SK\u00c9 HODINY : <\/span><\/span><\/strong><span class=\"tlid-translation translation\" lang=\"en\"><span title=\"\">08.00 &#8211; 22.00<\/span><\/span><\/p>\n<p>Zabezpe\u010den\u00e9 platby Alpha e-Commerce<br \/>V\u0161echny platby kartou jsou zpracov\u00e1v\u00e1ny prost\u0159ednictv\u00edm elektronick\u00e9 platebn\u00ed platformy &#8222;Alpha e-Commerce&#8220; Alpha Bank a pou\u017e\u00edvaj\u00ed \u0161ifrovac\u00ed protokol TLS 1.2 se 128bitov\u00fdm \u0161ifrov\u00e1n\u00edm (Secure Sockets Layer &#8211; SSL).<\/p>\n\t\t\t\t\t\t\t\t<\/div>\n\t\t\t\t<\/div>\n\t\t\t\t\t<\/div>\n\t\t<\/div>\n\t\t\t\t<div class=\"elementor-column elementor-col-50 elementor-top-column elementor-element elementor-element-f03db5a\" data-id=\"f03db5a\" data-element_type=\"column\" data-settings=\"{&quot;background_background&quot;:&quot;classic&quot;}\">\n\t\t\t<div class=\"elementor-widget-wrap elementor-element-populated\">\n\t\t\t\t\t\t<div class=\"elementor-element elementor-element-d70829e elementor-widget elementor-widget-heading\" data-id=\"d70829e\" data-element_type=\"widget\" data-widget_type=\"heading.default\">\n\t\t\t\t<div class=\"elementor-widget-container\">\n\t\t\t\t\t<h2 class=\"elementor-heading-title elementor-size-default\">Cena zahrnuje:<\/h2>\t\t\t\t<\/div>\n\t\t\t\t<\/div>\n\t\t\t\t<div class=\"elementor-element elementor-element-e442eaf elementor-widget__width-initial elementor-widget-mobile__width-inherit elementor-icon-list--layout-traditional elementor-list-item-link-full_width elementor-widget elementor-widget-icon-list\" data-id=\"e442eaf\" data-element_type=\"widget\" data-widget_type=\"icon-list.default\">\n\t\t\t\t<div class=\"elementor-widget-container\">\n\t\t\t\t\t\t\t<ul class=\"elementor-icon-list-items\">\n\t\t\t\t\t\t\t<li class=\"elementor-icon-list-item\">\n\t\t\t\t\t\t\t\t\t\t\t<span class=\"elementor-icon-list-icon\">\n\t\t\t\t\t\t\t<i aria-hidden=\"true\" class=\"fas fa-check\"><\/i>\t\t\t\t\t\t<\/span>\n\t\t\t\t\t\t\t\t\t\t<span class=\"elementor-icon-list-text\">Poji\u0161t\u011bn\u00ed<\/span>\n\t\t\t\t\t\t\t\t\t<\/li>\n\t\t\t\t\t\t<\/ul>\n\t\t\t\t\t\t<\/div>\n\t\t\t\t<\/div>\n\t\t\t\t<div class=\"elementor-element elementor-element-0ef05a4 elementor-widget__width-initial elementor-widget-mobile__width-inherit elementor-icon-list--layout-traditional elementor-list-item-link-full_width elementor-widget elementor-widget-icon-list\" data-id=\"0ef05a4\" data-element_type=\"widget\" data-widget_type=\"icon-list.default\">\n\t\t\t\t<div class=\"elementor-widget-container\">\n\t\t\t\t\t\t\t<ul class=\"elementor-icon-list-items\">\n\t\t\t\t\t\t\t<li class=\"elementor-icon-list-item\">\n\t\t\t\t\t\t\t\t\t\t\t<span class=\"elementor-icon-list-icon\">\n\t\t\t\t\t\t\t<i aria-hidden=\"true\" class=\"fas fa-check\"><\/i>\t\t\t\t\t\t<\/span>\n\t\t\t\t\t\t\t\t\t\t<span class=\"elementor-icon-list-text\">Silni\u010dn\u00ed asistence<\/span>\n\t\t\t\t\t\t\t\t\t<\/li>\n\t\t\t\t\t\t<\/ul>\n\t\t\t\t\t\t<\/div>\n\t\t\t\t<\/div>\n\t\t\t\t<div class=\"elementor-element elementor-element-90d5181 elementor-widget__width-initial elementor-widget-mobile__width-inherit elementor-icon-list--layout-traditional elementor-list-item-link-full_width elementor-widget elementor-widget-icon-list\" data-id=\"90d5181\" data-element_type=\"widget\" data-widget_type=\"icon-list.default\">\n\t\t\t\t<div class=\"elementor-widget-container\">\n\t\t\t\t\t\t\t<ul class=\"elementor-icon-list-items\">\n\t\t\t\t\t\t\t<li class=\"elementor-icon-list-item\">\n\t\t\t\t\t\t\t\t\t\t\t<span class=\"elementor-icon-list-icon\">\n\t\t\t\t\t\t\t<i aria-hidden=\"true\" class=\"fas fa-check\"><\/i>\t\t\t\t\t\t<\/span>\n\t\t\t\t\t\t\t\t\t\t<span class=\"elementor-icon-list-text\">Voln\u00e9 kilometry<\/span>\n\t\t\t\t\t\t\t\t\t<\/li>\n\t\t\t\t\t\t<\/ul>\n\t\t\t\t\t\t<\/div>\n\t\t\t\t<\/div>\n\t\t\t\t<div class=\"elementor-element elementor-element-257a0e7 elementor-widget__width-initial elementor-widget-mobile__width-inherit elementor-icon-list--layout-traditional elementor-list-item-link-full_width elementor-widget elementor-widget-icon-list\" data-id=\"257a0e7\" data-element_type=\"widget\" data-widget_type=\"icon-list.default\">\n\t\t\t\t<div class=\"elementor-widget-container\">\n\t\t\t\t\t\t\t<ul class=\"elementor-icon-list-items\">\n\t\t\t\t\t\t\t<li class=\"elementor-icon-list-item\">\n\t\t\t\t\t\t\t\t\t\t\t<span class=\"elementor-icon-list-icon\">\n\t\t\t\t\t\t\t<i aria-hidden=\"true\" class=\"fas fa-check\"><\/i>\t\t\t\t\t\t<\/span>\n\t\t\t\t\t\t\t\t\t\t<span class=\"elementor-icon-list-text\">P\u0159ilby<\/span>\n\t\t\t\t\t\t\t\t\t<\/li>\n\t\t\t\t\t\t<\/ul>\n\t\t\t\t\t\t<\/div>\n\t\t\t\t<\/div>\n\t\t\t\t<div class=\"elementor-element elementor-element-9646f40 elementor-widget__width-initial elementor-widget-mobile__width-inherit elementor-icon-list--layout-traditional elementor-list-item-link-full_width elementor-widget elementor-widget-icon-list\" data-id=\"9646f40\" data-element_type=\"widget\" data-widget_type=\"icon-list.default\">\n\t\t\t\t<div class=\"elementor-widget-container\">\n\t\t\t\t\t\t\t<ul class=\"elementor-icon-list-items\">\n\t\t\t\t\t\t\t<li class=\"elementor-icon-list-item\">\n\t\t\t\t\t\t\t\t\t\t\t<span class=\"elementor-icon-list-icon\">\n\t\t\t\t\t\t\t<i aria-hidden=\"true\" class=\"fas fa-check\"><\/i>\t\t\t\t\t\t<\/span>\n\t\t\t\t\t\t\t\t\t\t<span class=\"elementor-icon-list-text\">V\u0161echny dan\u011b (24 %)<\/span>\n\t\t\t\t\t\t\t\t\t<\/li>\n\t\t\t\t\t\t<\/ul>\n\t\t\t\t\t\t<\/div>\n\t\t\t\t<\/div>\n\t\t\t\t<div class=\"elementor-element elementor-element-a6c3f11 elementor-widget__width-initial elementor-widget elementor-widget-text-editor\" data-id=\"a6c3f11\" data-element_type=\"widget\" data-widget_type=\"text-editor.default\">\n\t\t\t\t<div class=\"elementor-widget-container\">\n\t\t\t\t\t\t\t\t\t<p>Pokud nejste evropsk\u00fdm ob\u010danem, mus\u00edte m\u00edt mezin\u00e1rodn\u00ed \u0159idi\u010dsk\u00fd pr\u016fkaz.<\/p>\n<p>J\u00edzda mimo silnice je ZAK\u00c1Z\u00c1NA<br \/><span class=\"tlid-translation translation\" lang=\"en\"><span title=\"\">Nen\u00ed mo\u017en\u00e9 si zap\u016fj\u010dit moto s fotokopi\u00ed \u0159idi\u010dsk\u00e9ho pr\u016fkazu.<\/span><\/span><br \/>Dal\u0161\u00ed \u0159idi\u010d (na vy\u017e\u00e1d\u00e1n\u00ed) pro v\u0161echny kategorie.<strong><br \/><\/strong>\u0158idi\u010d mus\u00ed m\u00edt leg\u00e1ln\u00ed \u0159idi\u010dsk\u00fd pr\u016fkaz na sv\u00e9 jm\u00e9no.<\/p>\n<p><span class=\"tlid-translation translation\" lang=\"en\"><span title=\"\">Motocykly (nebo sk\u00fatry) m\u016f\u017ee \u0159\u00eddit pouze ten, kdo si je pronajal.<\/span><\/span><\/p>\n<p>Palivo: <span class=\"tlid-translation translation\" lang=\"en\"><span title=\"\"><br \/>N\u00e1jemce je povinen vr\u00e1tit kolo s takov\u00fdm obsahem n\u00e1dr\u017ee, jak\u00fd m\u011bl p\u0159i p\u0159evzet\u00ed.<\/span><\/span><\/p>\n\t\t\t\t\t\t\t\t<\/div>\n\t\t\t\t<\/div>\n\t\t\t\t\t<\/div>\n\t\t<\/div>\n\t\t\t\t\t<\/div>\n\t\t<\/section>\n\t\t\t\t<\/div>\n\t\t","protected":false},"excerpt":{"rendered":"<p>Domovsk\u00e1 str\u00e1nka Flotila \u010cASTO KLADEN\u00c9 OT\u00c1ZKY Z\u00edskejte od n\u00e1s pomoc Obvykle kladen\u00e9 ot\u00e1zky \u010casto kladen\u00e9 ot\u00e1zky k pron\u00e1jmu motocyklu na ostrov\u011b Rhodos 1) M\u016f\u017eete si ud\u011blat rezervaci a po\u017e\u00e1dat o zap\u016fj\u010den\u00ed sk\u00fatru na po\u017eadovan\u00e9m m\u00edst\u011b. 2) Dod\u00e1vky se uskute\u010d\u0148uj\u00ed do n\u00e1sleduj\u00edc\u00edch oblast\u00ed. M\u011aSTO RHODES , IXIA, IALYSSOS, KREMASTI, LETI\u0160T\u011a, PARADEISI, THEOLOGOS, KALITHEA, FALIRAKI, KOSKINOU, KOLYMBIA, [&hellip;]<\/p>\n","protected":false},"author":1,"featured_media":0,"parent":0,"menu_order":0,"comment_status":"closed","ping_status":"closed","template":"elementor_header_footer","meta":{"om_disable_all_campaigns":false,"_monsterinsights_skip_tracking":false,"_monsterinsights_sitenote_active":false,"_monsterinsights_sitenote_note":"","_monsterinsights_sitenote_category":0,"footnotes":""},"class_list":["post-1812","page","type-page","status-publish","hentry"],"aioseo_notices":[],"_links":{"self":[{"href":"https:\/\/motocenter-rhodes.com\/cs\/wp-json\/wp\/v2\/pages\/1812","targetHints":{"allow":["GET"]}}],"collection":[{"href":"https:\/\/motocenter-rhodes.com\/cs\/wp-json\/wp\/v2\/pages"}],"about":[{"href":"https:\/\/motocenter-rhodes.com\/cs\/wp-json\/wp\/v2\/types\/page"}],"author":[{"embeddable":true,"href":"https:\/\/motocenter-rhodes.com\/cs\/wp-json\/wp\/v2\/users\/1"}],"replies":[{"embeddable":true,"href":"https:\/\/motocenter-rhodes.com\/cs\/wp-json\/wp\/v2\/comments?post=1812"}],"version-history":[{"count":2,"href":"https:\/\/motocenter-rhodes.com\/cs\/wp-json\/wp\/v2\/pages\/1812\/revisions"}],"predecessor-version":[{"id":1872,"href":"https:\/\/motocenter-rhodes.com\/cs\/wp-json\/wp\/v2\/pages\/1812\/revisions\/1872"}],"wp:attachment":[{"href":"https:\/\/motocenter-rhodes.com\/cs\/wp-json\/wp\/v2\/media?parent=1812"}],"curies":[{"name":"wp","href":"https:\/\/api.w.org\/{rel}","templated":true}]}}