{"id":1806,"date":"2023-06-14T20:04:19","date_gmt":"2023-06-14T20:04:19","guid":{"rendered":"https:\/\/motocenter-rhodes.com\/contact-us-rhodes-scooter-rentals\/"},"modified":"2025-01-19T20:54:04","modified_gmt":"2025-01-19T20:54:04","slug":"kontaktujte-nas-pujcovny-skutru-rhodos","status":"publish","type":"page","link":"https:\/\/motocenter-rhodes.com\/cs\/kontaktujte-nas-pujcovny-skutru-rhodos\/","title":{"rendered":"Kontaktujte n\u00e1s &#8211; Rhodos Scooter Rentals"},"content":{"rendered":"\t\t<div data-elementor-type=\"wp-page\" data-elementor-id=\"1806\" class=\"elementor elementor-1806 elementor-265\" data-elementor-post-type=\"page\">\n\t\t\t\t\t\t<section class=\"elementor-section elementor-top-section elementor-element elementor-element-40d3098d elementor-section-boxed elementor-section-height-default elementor-section-height-default\" data-id=\"40d3098d\" data-element_type=\"section\" data-settings=\"{&quot;background_background&quot;:&quot;classic&quot;}\">\n\t\t\t\t\t\t\t<div class=\"elementor-background-overlay\"><\/div>\n\t\t\t\t\t\t\t<div class=\"elementor-container elementor-column-gap-default\">\n\t\t\t\t\t<div class=\"elementor-column elementor-col-100 elementor-top-column elementor-element elementor-element-6b468cfe\" data-id=\"6b468cfe\" data-element_type=\"column\">\n\t\t\t<div class=\"elementor-widget-wrap elementor-element-populated\">\n\t\t\t\t\t\t<div class=\"elementor-element elementor-element-5b7de0c8 elementor-icon-list--layout-inline elementor-list-item-link-full_width elementor-widget elementor-widget-icon-list\" data-id=\"5b7de0c8\" data-element_type=\"widget\" data-widget_type=\"icon-list.default\">\n\t\t\t\t<div class=\"elementor-widget-container\">\n\t\t\t\t\t\t\t<ul class=\"elementor-icon-list-items elementor-inline-items\">\n\t\t\t\t\t\t\t<li class=\"elementor-icon-list-item elementor-inline-item\">\n\t\t\t\t\t\t\t\t\t\t<span class=\"elementor-icon-list-text\">Domovsk\u00e1 str\u00e1nka<\/span>\n\t\t\t\t\t\t\t\t\t<\/li>\n\t\t\t\t\t\t\t\t<li class=\"elementor-icon-list-item elementor-inline-item\">\n\t\t\t\t\t\t\t\t\t\t\t<a href=\"https:\/\/motocenter-rhodes.com\/cs\/kontaktujte-nas-pujcovny-skutru-rhodos\/\">\n\n\t\t\t\t\t\t\t\t\t\t\t\t<span class=\"elementor-icon-list-icon\">\n\t\t\t\t\t\t\t<i aria-hidden=\"true\" class=\"fas fa-caret-right\"><\/i>\t\t\t\t\t\t<\/span>\n\t\t\t\t\t\t\t\t\t\t<span class=\"elementor-icon-list-text\">Kontaktujte n\u00e1s<\/span>\n\t\t\t\t\t\t\t\t\t\t\t<\/a>\n\t\t\t\t\t\t\t\t\t<\/li>\n\t\t\t\t\t\t<\/ul>\n\t\t\t\t\t\t<\/div>\n\t\t\t\t<\/div>\n\t\t\t\t<div class=\"elementor-element elementor-element-20d0b45e elementor-widget-divider--view-line elementor-widget elementor-widget-divider\" data-id=\"20d0b45e\" data-element_type=\"widget\" data-widget_type=\"divider.default\">\n\t\t\t\t<div class=\"elementor-widget-container\">\n\t\t\t\t\t\t\t<div class=\"elementor-divider\">\n\t\t\t<span class=\"elementor-divider-separator\">\n\t\t\t\t\t\t<\/span>\n\t\t<\/div>\n\t\t\t\t\t\t<\/div>\n\t\t\t\t<\/div>\n\t\t\t\t<div class=\"elementor-element elementor-element-40fd48b8 elementor-widget elementor-widget-text-editor\" data-id=\"40fd48b8\" data-element_type=\"widget\" data-widget_type=\"text-editor.default\">\n\t\t\t\t<div class=\"elementor-widget-container\">\n\t\t\t\t\t\t\t\t\t<p>Ozv\u011bte se n\u00e1m a dejte n\u00e1m v\u011bd\u011bt, jak jste byli s na\u0161imi slu\u017ebami spokojeni a jestli bychom p\u0159\u00ed\u0161t\u011b mohli n\u011bco zlep\u0161it.<\/p>\n\t\t\t\t\t\t\t\t<\/div>\n\t\t\t\t<\/div>\n\t\t\t\t\t<\/div>\n\t\t<\/div>\n\t\t\t\t\t<\/div>\n\t\t<\/section>\n\t\t\t\t<section class=\"elementor-section elementor-top-section elementor-element elementor-element-16ad71b0 elementor-section-boxed elementor-section-height-default elementor-section-height-default\" data-id=\"16ad71b0\" data-element_type=\"section\">\n\t\t\t\t\t\t<div class=\"elementor-container elementor-column-gap-default\">\n\t\t\t\t\t<div class=\"elementor-column elementor-col-50 elementor-top-column elementor-element elementor-element-4de98b6e\" data-id=\"4de98b6e\" data-element_type=\"column\">\n\t\t\t<div class=\"elementor-widget-wrap elementor-element-populated\">\n\t\t\t\t\t\t<div class=\"elementor-element elementor-element-17ada137 elementor-invisible elementor-widget elementor-widget-heading\" data-id=\"17ada137\" data-element_type=\"widget\" data-settings=\"{&quot;_animation&quot;:&quot;fadeInUp&quot;}\" data-widget_type=\"heading.default\">\n\t\t\t\t<div class=\"elementor-widget-container\">\n\t\t\t\t\t<span class=\"elementor-heading-title elementor-size-default\">Bu\u010fte s n\u00e1mi ve spojen\u00ed<\/span>\t\t\t\t<\/div>\n\t\t\t\t<\/div>\n\t\t\t\t<div class=\"elementor-element elementor-element-2f98b783 elementor-invisible elementor-widget elementor-widget-heading\" data-id=\"2f98b783\" data-element_type=\"widget\" data-settings=\"{&quot;_animation&quot;:&quot;fadeInUp&quot;,&quot;_animation_delay&quot;:200}\" data-widget_type=\"heading.default\">\n\t\t\t\t<div class=\"elementor-widget-container\">\n\t\t\t\t\t<h2 class=\"elementor-heading-title elementor-size-default\">Z\u016fsta\u0148te nalad\u011bni a kontaktujte na\u0161eho profesion\u00e1la<\/h2>\t\t\t\t<\/div>\n\t\t\t\t<\/div>\n\t\t\t\t<div class=\"elementor-element elementor-element-1211637f elementor-widget-divider--view-line elementor-widget elementor-widget-divider\" data-id=\"1211637f\" data-element_type=\"widget\" data-widget_type=\"divider.default\">\n\t\t\t\t<div class=\"elementor-widget-container\">\n\t\t\t\t\t\t\t<div class=\"elementor-divider\">\n\t\t\t<span class=\"elementor-divider-separator\">\n\t\t\t\t\t\t<\/span>\n\t\t<\/div>\n\t\t\t\t\t\t<\/div>\n\t\t\t\t<\/div>\n\t\t\t\t<div class=\"elementor-element elementor-element-d1d43de elementor-widget elementor-widget-text-editor\" data-id=\"d1d43de\" data-element_type=\"widget\" data-widget_type=\"text-editor.default\">\n\t\t\t\t<div class=\"elementor-widget-container\">\n\t\t\t\t\t\t\t\t\t<p>N\u00e1\u0161 t\u00fdm se sna\u017e\u00ed poskytovat v\u00fdjime\u010dn\u00e9 slu\u017eby z\u00e1kazn\u00edk\u016fm od okam\u017eiku rezervace a\u017e do konce pron\u00e1jmu.<\/p>\n\t\t\t\t\t\t\t\t<\/div>\n\t\t\t\t<\/div>\n\t\t\t\t<div class=\"elementor-element elementor-element-3b91267 elementor-icon-list--layout-traditional elementor-list-item-link-full_width elementor-widget elementor-widget-icon-list\" data-id=\"3b91267\" data-element_type=\"widget\" data-widget_type=\"icon-list.default\">\n\t\t\t\t<div class=\"elementor-widget-container\">\n\t\t\t\t\t\t\t<ul class=\"elementor-icon-list-items\">\n\t\t\t\t\t\t\t<li class=\"elementor-icon-list-item\">\n\t\t\t\t\t\t\t\t\t\t\t<span class=\"elementor-icon-list-icon\">\n\t\t\t\t\t\t\t<i aria-hidden=\"true\" class=\"fas fa-map-marker-alt\"><\/i>\t\t\t\t\t\t<\/span>\n\t\t\t\t\t\t\t\t\t\t<span class=\"elementor-icon-list-text\">  Ierou Lochou 25A , Ialyssos 851 01, Rhodos island , Dodekanese , \u0158ecko<\/span>\n\t\t\t\t\t\t\t\t\t<\/li>\n\t\t\t\t\t\t\t\t<li class=\"elementor-icon-list-item\">\n\t\t\t\t\t\t\t\t\t\t\t<a href=\"mailto:info@motocenter-rhodes.com\">\n\n\t\t\t\t\t\t\t\t\t\t\t\t<span class=\"elementor-icon-list-icon\">\n\t\t\t\t\t\t\t<i aria-hidden=\"true\" class=\"fas fa-envelope\"><\/i>\t\t\t\t\t\t<\/span>\n\t\t\t\t\t\t\t\t\t\t<span class=\"elementor-icon-list-text\">info@motocenter-rhodes.com<\/span>\n\t\t\t\t\t\t\t\t\t\t\t<\/a>\n\t\t\t\t\t\t\t\t\t<\/li>\n\t\t\t\t\t\t\t\t<li class=\"elementor-icon-list-item\">\n\t\t\t\t\t\t\t\t\t\t\t<a href=\"tel:00306932029681\">\n\n\t\t\t\t\t\t\t\t\t\t\t\t<span class=\"elementor-icon-list-icon\">\n\t\t\t\t\t\t\t<i aria-hidden=\"true\" class=\"fas fa-phone-square-alt\"><\/i>\t\t\t\t\t\t<\/span>\n\t\t\t\t\t\t\t\t\t\t<span class=\"elementor-icon-list-text\">M\u00edstn\u00ed kancel\u00e1\u0159 ( +30 ) 6932029681<\/span>\n\t\t\t\t\t\t\t\t\t\t\t<\/a>\n\t\t\t\t\t\t\t\t\t<\/li>\n\t\t\t\t\t\t<\/ul>\n\t\t\t\t\t\t<\/div>\n\t\t\t\t<\/div>\n\t\t\t\t\t<\/div>\n\t\t<\/div>\n\t\t\t\t<div class=\"elementor-column elementor-col-50 elementor-top-column elementor-element elementor-element-54ae05a6\" data-id=\"54ae05a6\" data-element_type=\"column\" data-settings=\"{&quot;background_background&quot;:&quot;classic&quot;}\">\n\t\t\t<div class=\"elementor-widget-wrap elementor-element-populated\">\n\t\t\t\t\t\t<div class=\"elementor-element elementor-element-236bd2e elementor-button-align-start elementor-widget elementor-widget-form\" data-id=\"236bd2e\" data-element_type=\"widget\" data-settings=\"{&quot;step_next_label&quot;:&quot;Dal\\u0161\\u00ed&quot;,&quot;step_previous_label&quot;:&quot;P\\u0159edchoz\\u00ed&quot;,&quot;button_width&quot;:&quot;100&quot;,&quot;step_type&quot;:&quot;number_text&quot;,&quot;step_icon_shape&quot;:&quot;circle&quot;}\" data-widget_type=\"form.default\">\n\t\t\t\t<div class=\"elementor-widget-container\">\n\t\t\t\t\t\t\t<form class=\"elementor-form\" method=\"post\" name=\"Nov\u00fd formul\u00e1\u0159\">\n\t\t\t<input type=\"hidden\" name=\"post_id\" value=\"1806\"\/>\n\t\t\t<input type=\"hidden\" name=\"form_id\" value=\"236bd2e\"\/>\n\t\t\t<input type=\"hidden\" name=\"referer_title\" value=\"\" \/>\n\n\t\t\t\n\t\t\t<div class=\"elementor-form-fields-wrapper elementor-labels-\">\n\t\t\t\t\t\t\t\t<div class=\"elementor-field-type-text elementor-field-group elementor-column elementor-field-group-name elementor-col-50 elementor-field-required\">\n\t\t\t\t\t\t\t\t\t\t\t\t<label for=\"form-field-name\" class=\"elementor-field-label elementor-screen-only\">\n\t\t\t\t\t\t\t\tJm\u00e9no\t\t\t\t\t\t\t<\/label>\n\t\t\t\t\t\t\t\t\t\t\t\t\t\t<input size=\"1\" type=\"text\" name=\"form_fields[name]\" id=\"form-field-name\" class=\"elementor-field elementor-size-lg  elementor-field-textual\" placeholder=\"Jm\u00e9no\" required=\"required\" aria-required=\"true\">\n\t\t\t\t\t\t\t\t\t\t\t<\/div>\n\t\t\t\t\t\t\t\t<div class=\"elementor-field-type-text elementor-field-group elementor-column elementor-field-group-field_c1eda74 elementor-col-50 elementor-field-required\">\n\t\t\t\t\t\t\t\t\t\t\t\t<label for=\"form-field-field_c1eda74\" class=\"elementor-field-label elementor-screen-only\">\n\t\t\t\t\t\t\t\tP\u0159\u00edjmen\u00ed\t\t\t\t\t\t\t<\/label>\n\t\t\t\t\t\t\t\t\t\t\t\t\t\t<input size=\"1\" type=\"text\" name=\"form_fields[field_c1eda74]\" id=\"form-field-field_c1eda74\" class=\"elementor-field elementor-size-lg  elementor-field-textual\" placeholder=\"P\u0159\u00edjmen\u00ed\" required=\"required\" aria-required=\"true\">\n\t\t\t\t\t\t\t\t\t\t\t<\/div>\n\t\t\t\t\t\t\t\t<div class=\"elementor-field-type-email elementor-field-group elementor-column elementor-field-group-email elementor-col-50 elementor-field-required\">\n\t\t\t\t\t\t\t\t\t\t\t\t<label for=\"form-field-email\" class=\"elementor-field-label elementor-screen-only\">\n\t\t\t\t\t\t\t\tE-mailov\u00e1 adresa\t\t\t\t\t\t\t<\/label>\n\t\t\t\t\t\t\t\t\t\t\t\t\t\t<input size=\"1\" type=\"email\" name=\"form_fields[email]\" id=\"form-field-email\" class=\"elementor-field elementor-size-lg  elementor-field-textual\" placeholder=\"E-mailov\u00e1 adresa\" required=\"required\" aria-required=\"true\">\n\t\t\t\t\t\t\t\t\t\t\t<\/div>\n\t\t\t\t\t\t\t\t<div class=\"elementor-field-type-text elementor-field-group elementor-column elementor-field-group-field_a6f8b07 elementor-col-50 elementor-field-required\">\n\t\t\t\t\t\t\t\t\t\t\t\t<label for=\"form-field-field_a6f8b07\" class=\"elementor-field-label elementor-screen-only\">\n\t\t\t\t\t\t\t\tP\u0159edm\u011bt\t\t\t\t\t\t\t<\/label>\n\t\t\t\t\t\t\t\t\t\t\t\t\t\t<input size=\"1\" type=\"text\" name=\"form_fields[field_a6f8b07]\" id=\"form-field-field_a6f8b07\" class=\"elementor-field elementor-size-lg  elementor-field-textual\" placeholder=\"P\u0159edm\u011bt\" required=\"required\" aria-required=\"true\">\n\t\t\t\t\t\t\t\t\t\t\t<\/div>\n\t\t\t\t\t\t\t\t<div class=\"elementor-field-type-recaptcha_v3 elementor-field-group elementor-column elementor-field-group-field_c25396c elementor-col-100 recaptcha_v3-bottomright\">\n\t\t\t\t\t<div class=\"elementor-field\" id=\"form-field-field_c25396c\"><div class=\"elementor-g-recaptcha\" data-sitekey=\"6Ld5_boqAAAAAKkq1PnuRHy8CdRtKt8Ekihe658W\" data-type=\"v3\" data-action=\"Form\" data-badge=\"bottomright\" data-size=\"invisible\"><\/div><\/div>\t\t\t\t<\/div>\n\t\t\t\t\t\t\t\t<div class=\"elementor-field-type-textarea elementor-field-group elementor-column elementor-field-group-field_fd188c1 elementor-col-100 elementor-field-required\">\n\t\t\t\t\t\t\t\t\t\t\t\t<label for=\"form-field-field_fd188c1\" class=\"elementor-field-label elementor-screen-only\">\n\t\t\t\t\t\t\t\tVa\u0161e zpr\u00e1va\t\t\t\t\t\t\t<\/label>\n\t\t\t\t\t\t<textarea class=\"elementor-field-textual elementor-field  elementor-size-lg\" name=\"form_fields[field_fd188c1]\" id=\"form-field-field_fd188c1\" rows=\"4\" placeholder=\"Va\u0161e zpr\u00e1va\" required=\"required\" aria-required=\"true\"><\/textarea>\t\t\t\t<\/div>\n\t\t\t\t\t\t\t\t<div class=\"elementor-field-group elementor-column elementor-field-type-submit elementor-col-100 e-form__buttons\">\n\t\t\t\t\t<button class=\"elementor-button elementor-size-sm elementor-animation-grow\" type=\"submit\">\n\t\t\t\t\t\t<span class=\"elementor-button-content-wrapper\">\n\t\t\t\t\t\t\t\t\t\t\t\t\t\t\t\t\t\t\t\t\t\t<span class=\"elementor-button-text\">Odeslat zpr\u00e1vu<\/span>\n\t\t\t\t\t\t\t\t\t\t\t\t\t<\/span>\n\t\t\t\t\t<\/button>\n\t\t\t\t<\/div>\n\t\t\t<\/div>\n\t\t<\/form>\n\t\t\t\t\t\t<\/div>\n\t\t\t\t<\/div>\n\t\t\t\t\t<\/div>\n\t\t<\/div>\n\t\t\t\t\t<\/div>\n\t\t<\/section>\n\t\t\t\t<section class=\"elementor-section elementor-top-section elementor-element elementor-element-dd0c4c8 elementor-section-boxed elementor-section-height-default elementor-section-height-default\" data-id=\"dd0c4c8\" data-element_type=\"section\">\n\t\t\t\t\t\t<div class=\"elementor-container elementor-column-gap-default\">\n\t\t\t\t\t<div class=\"elementor-column elementor-col-50 elementor-top-column elementor-element elementor-element-482a2fe\" data-id=\"482a2fe\" data-element_type=\"column\">\n\t\t\t<div class=\"elementor-widget-wrap elementor-element-populated\">\n\t\t\t\t\t\t<div class=\"elementor-element elementor-element-ba29a6f elementor-widget__width-initial elementor-widget elementor-widget-text-editor\" data-id=\"ba29a6f\" data-element_type=\"widget\" data-widget_type=\"text-editor.default\">\n\t\t\t\t<div class=\"elementor-widget-container\">\n\t\t\t\t\t\t\t\t\t<h4><strong>Vzd\u00e1lenosti od MOTOCENTER:<\/strong><\/h4>\n<p>Leti\u0161t\u011b 5,7 km<br>Rhodos 8 km<br>Ialyssos 1 km<br>Filerimos 2,6 km<br>Apoll\u00f3n\u016fv chr\u00e1m 5,6 km<br>Pl\u00e1\u017e Psaropoula 6 km<br>Rhodsk\u00e1 akropole 6 km<br>Park Rodini 6,6 km<br>Pal\u00e1c velmistra rhodsk\u00fdch ryt\u00ed\u0159\u016f 9 km<br>Diagoras\u016fv stadion 7 km<br>Rhodsk\u00e9 muzeum 7,2 km<\/p>\t\t\t\t\t\t\t\t<\/div>\n\t\t\t\t<\/div>\n\t\t\t\t\t<\/div>\n\t\t<\/div>\n\t\t\t\t<div class=\"elementor-column elementor-col-50 elementor-top-column elementor-element elementor-element-596bc81\" data-id=\"596bc81\" data-element_type=\"column\" data-settings=\"{&quot;background_background&quot;:&quot;classic&quot;}\">\n\t\t\t<div class=\"elementor-widget-wrap elementor-element-populated\">\n\t\t\t\t\t\t<div class=\"elementor-element elementor-element-585610a elementor-invisible elementor-widget elementor-widget-heading\" data-id=\"585610a\" data-element_type=\"widget\" data-settings=\"{&quot;_animation&quot;:&quot;fadeInUp&quot;,&quot;_animation_delay&quot;:200}\" data-widget_type=\"heading.default\">\n\t\t\t\t<div class=\"elementor-widget-container\">\n\t\t\t\t\t<h1 class=\"elementor-heading-title elementor-size-default\">P\u016fj\u010dovna sk\u00fatr\u016f a motocykl\u016f na Rhodosu<\/h1>\t\t\t\t<\/div>\n\t\t\t\t<\/div>\n\t\t\t\t<div class=\"elementor-element elementor-element-1284f11 elementor-widget-divider--view-line elementor-widget elementor-widget-divider\" data-id=\"1284f11\" data-element_type=\"widget\" data-widget_type=\"divider.default\">\n\t\t\t\t<div class=\"elementor-widget-container\">\n\t\t\t\t\t\t\t<div class=\"elementor-divider\">\n\t\t\t<span class=\"elementor-divider-separator\">\n\t\t\t\t\t\t<\/span>\n\t\t<\/div>\n\t\t\t\t\t\t<\/div>\n\t\t\t\t<\/div>\n\t\t\t\t<div class=\"elementor-element elementor-element-8b5624a elementor-widget elementor-widget-text-editor\" data-id=\"8b5624a\" data-element_type=\"widget\" data-widget_type=\"text-editor.default\">\n\t\t\t\t<div class=\"elementor-widget-container\">\n\t\t\t\t\t\t\t\t\t<p>P\u016fj\u010dovna kol na ostrov\u011b Rhodos je ur\u010dit\u011b jedn\u00edm z nejobl\u00edben\u011bj\u0161\u00edch zp\u016fsob\u016f, jak prozkoumat ostrov nebo dokonce okol\u00ed m\u00edsta, kter\u00e9 jste si vybrali pro str\u00e1ven\u00ed sv\u00e9 dovolen\u00e9.<br \/>Spole\u010dnost MOTO CENTER p\u016fsob\u00ed ji\u017e mnoho let v oblasti p\u016fj\u010doven motocykl\u016f a motorek s velk\u00fdm vozov\u00fdm parkem v dr\u017een\u00ed a se st\u00e1l\u00fdm, zku\u0161en\u00fdm, technick\u00fdm a v\u00edcejazy\u010dn\u00fdm servisn\u00edm person\u00e1lem.<\/p>\n\t\t\t\t\t\t\t\t<\/div>\n\t\t\t\t<\/div>\n\t\t\t\t<div class=\"elementor-element elementor-element-0327edf elementor-widget elementor-widget-text-editor\" data-id=\"0327edf\" data-element_type=\"widget\" data-widget_type=\"text-editor.default\">\n\t\t\t\t<div class=\"elementor-widget-container\">\n\t\t\t\t\t\t\t\t\t<p><strong><span class=\"tlid-translation translation\" lang=\"en\"><span title=\"\">KANCEL\u00c1\u0158SK\u00c9 HODINY : <\/span><\/span><\/strong><span class=\"tlid-translation translation\" lang=\"en\"><span title=\"\">08.00 &#8211; 22.00<\/span><\/span><\/p>\n<p>Zabezpe\u010den\u00e9 platby Alpha e-Commerce<br \/>V\u0161echny platby kartou jsou zpracov\u00e1v\u00e1ny prost\u0159ednictv\u00edm elektronick\u00e9 platebn\u00ed platformy &#8222;Alpha e-Commerce&#8220; Alpha Bank a pou\u017e\u00edvaj\u00ed \u0161ifrovac\u00ed protokol TLS 1.2 se 128bitov\u00fdm \u0161ifrov\u00e1n\u00edm (Secure Sockets Layer &#8211; SSL).<\/p>\n\t\t\t\t\t\t\t\t<\/div>\n\t\t\t\t<\/div>\n\t\t\t\t\t<\/div>\n\t\t<\/div>\n\t\t\t\t\t<\/div>\n\t\t<\/section>\n\t\t\t\t<section class=\"elementor-section elementor-top-section elementor-element elementor-element-7a4e7a8a elementor-section-boxed elementor-section-height-default elementor-section-height-default\" data-id=\"7a4e7a8a\" data-element_type=\"section\">\n\t\t\t\t\t\t<div class=\"elementor-container elementor-column-gap-no\">\n\t\t\t\t\t<div class=\"elementor-column elementor-col-100 elementor-top-column elementor-element elementor-element-28b65406 elementor-invisible\" data-id=\"28b65406\" data-element_type=\"column\" data-settings=\"{&quot;animation&quot;:&quot;fadeInUp&quot;}\">\n\t\t\t<div class=\"elementor-widget-wrap elementor-element-populated\">\n\t\t\t\t\t\t<div class=\"elementor-element elementor-element-49c498e4 elementor-widget elementor-widget-google_maps\" data-id=\"49c498e4\" data-element_type=\"widget\" data-widget_type=\"google_maps.default\">\n\t\t\t\t<div class=\"elementor-widget-container\">\n\t\t\t\t\t\t\t<div class=\"elementor-custom-embed\">\n\t\t\t<iframe loading=\"lazy\"\n\t\t\t\t\tsrc=\"https:\/\/maps.google.com\/maps?q=6932029681&#038;t=m&#038;z=11&#038;output=embed&#038;iwloc=near\"\n\t\t\t\t\ttitle=\"6932029681\"\n\t\t\t\t\taria-label=\"6932029681\"\n\t\t\t><\/iframe>\n\t\t<\/div>\n\t\t\t\t\t\t<\/div>\n\t\t\t\t<\/div>\n\t\t\t\t\t<\/div>\n\t\t<\/div>\n\t\t\t\t\t<\/div>\n\t\t<\/section>\n\t\t\t\t<\/div>\n\t\t","protected":false},"excerpt":{"rendered":"<p>kontaktujte n\u00e1s-p\u016fj\u010dovny-sk\u00fatr\u016f Rhodos<\/p>\n","protected":false},"author":1,"featured_media":0,"parent":0,"menu_order":0,"comment_status":"closed","ping_status":"closed","template":"elementor_header_footer","meta":{"om_disable_all_campaigns":false,"_monsterinsights_skip_tracking":false,"_monsterinsights_sitenote_active":false,"_monsterinsights_sitenote_note":"","_monsterinsights_sitenote_category":0,"footnotes":""},"class_list":["post-1806","page","type-page","status-publish","hentry"],"aioseo_notices":[],"_links":{"self":[{"href":"https:\/\/motocenter-rhodes.com\/cs\/wp-json\/wp\/v2\/pages\/1806","targetHints":{"allow":["GET"]}}],"collection":[{"href":"https:\/\/motocenter-rhodes.com\/cs\/wp-json\/wp\/v2\/pages"}],"about":[{"href":"https:\/\/motocenter-rhodes.com\/cs\/wp-json\/wp\/v2\/types\/page"}],"author":[{"embeddable":true,"href":"https:\/\/motocenter-rhodes.com\/cs\/wp-json\/wp\/v2\/users\/1"}],"replies":[{"embeddable":true,"href":"https:\/\/motocenter-rhodes.com\/cs\/wp-json\/wp\/v2\/comments?post=1806"}],"version-history":[{"count":6,"href":"https:\/\/motocenter-rhodes.com\/cs\/wp-json\/wp\/v2\/pages\/1806\/revisions"}],"predecessor-version":[{"id":2165,"href":"https:\/\/motocenter-rhodes.com\/cs\/wp-json\/wp\/v2\/pages\/1806\/revisions\/2165"}],"wp:attachment":[{"href":"https:\/\/motocenter-rhodes.com\/cs\/wp-json\/wp\/v2\/media?parent=1806"}],"curies":[{"name":"wp","href":"https:\/\/api.w.org\/{rel}","templated":true}]}}