{"id":1794,"date":"2023-10-25T10:16:24","date_gmt":"2023-10-25T10:16:24","guid":{"rendered":"https:\/\/motocenter-rhodes.com\/information-rent-a-scooter-motorbike-in-rhodes\/"},"modified":"2025-01-19T21:34:01","modified_gmt":"2025-01-19T21:34:01","slug":"informace-o-pronajmu-motocener-rhodos","status":"publish","type":"page","link":"https:\/\/motocenter-rhodes.com\/cs\/informace-o-pronajmu-motocener-rhodos\/","title":{"rendered":"INFORMACE &#8211; P\u016fj\u010dovna sk\u00fatr\u016f a motocykl\u016f na Rhodosu"},"content":{"rendered":"\t\t<div data-elementor-type=\"wp-page\" data-elementor-id=\"1794\" class=\"elementor elementor-1794 elementor-437\" data-elementor-post-type=\"page\">\n\t\t\t\t\t\t<section class=\"elementor-section elementor-top-section elementor-element elementor-element-ced1dea elementor-section-boxed elementor-section-height-default elementor-section-height-default\" data-id=\"ced1dea\" data-element_type=\"section\" data-settings=\"{&quot;background_background&quot;:&quot;slideshow&quot;,&quot;background_slideshow_ken_burns&quot;:&quot;yes&quot;,&quot;background_slideshow_gallery&quot;:[{&quot;id&quot;:979,&quot;url&quot;:&quot;https:\\\/\\\/motocenter-rhodes.com\\\/wp-content\\\/uploads\\\/2025\\\/01\\\/Royal-Enfield-Bullet-350-RHODES-RENT-A-MOTORCYCLE.jpg&quot;},{&quot;id&quot;:993,&quot;url&quot;:&quot;https:\\\/\\\/motocenter-rhodes.com\\\/wp-content\\\/uploads\\\/2025\\\/01\\\/Sym-Joyride-300-GT-RHODES-RENT-A-MOTO-scooter-me-16arh.webp&quot;},{&quot;id&quot;:975,&quot;url&quot;:&quot;https:\\\/\\\/motocenter-rhodes.com\\\/wp-content\\\/uploads\\\/2025\\\/01\\\/Benelli-trk-502cc-RHODES-RENT-A-MOTO.jpg&quot;},{&quot;id&quot;:821,&quot;url&quot;:&quot;https:\\\/\\\/motocenter-rhodes.com\\\/wp-content\\\/uploads\\\/2024\\\/11\\\/rhodes-motocenter-rent-a-scooter-2.jpg&quot;}],&quot;background_slideshow_loop&quot;:&quot;yes&quot;,&quot;background_slideshow_slide_duration&quot;:5000,&quot;background_slideshow_slide_transition&quot;:&quot;fade&quot;,&quot;background_slideshow_transition_duration&quot;:500,&quot;background_slideshow_ken_burns_zoom_direction&quot;:&quot;in&quot;}\">\n\t\t\t\t\t\t\t<div class=\"elementor-background-overlay\"><\/div>\n\t\t\t\t\t\t\t<div class=\"elementor-container elementor-column-gap-default\">\n\t\t\t\t\t<div class=\"elementor-column elementor-col-100 elementor-top-column elementor-element elementor-element-2a8cf0d\" data-id=\"2a8cf0d\" data-element_type=\"column\">\n\t\t\t<div class=\"elementor-widget-wrap elementor-element-populated\">\n\t\t\t\t\t\t<div class=\"elementor-element elementor-element-14a44b6 elementor-icon-list--layout-inline elementor-list-item-link-full_width elementor-widget elementor-widget-icon-list\" data-id=\"14a44b6\" data-element_type=\"widget\" data-widget_type=\"icon-list.default\">\n\t\t\t\t<div class=\"elementor-widget-container\">\n\t\t\t\t\t\t\t<ul class=\"elementor-icon-list-items elementor-inline-items\">\n\t\t\t\t\t\t\t<li class=\"elementor-icon-list-item elementor-inline-item\">\n\t\t\t\t\t\t\t\t\t\t\t<a href=\"https:\/\/motocenter-rhodes.com\/cs\/\">\n\n\t\t\t\t\t\t\t\t\t\t\t<span class=\"elementor-icon-list-text\">Domovsk\u00e1 str\u00e1nka<\/span>\n\t\t\t\t\t\t\t\t\t\t\t<\/a>\n\t\t\t\t\t\t\t\t\t<\/li>\n\t\t\t\t\t\t\t\t<li class=\"elementor-icon-list-item elementor-inline-item\">\n\t\t\t\t\t\t\t\t\t\t\t<a href=\"https:\/\/motocenter-rhodes.com\/cs\/informace-o-pronajmu-motocener-rhodos\/\">\n\n\t\t\t\t\t\t\t\t\t\t\t\t<span class=\"elementor-icon-list-icon\">\n\t\t\t\t\t\t\t<i aria-hidden=\"true\" class=\"fas fa-caret-right\"><\/i>\t\t\t\t\t\t<\/span>\n\t\t\t\t\t\t\t\t\t\t<span class=\"elementor-icon-list-text\">Informace<\/span>\n\t\t\t\t\t\t\t\t\t\t\t<\/a>\n\t\t\t\t\t\t\t\t\t<\/li>\n\t\t\t\t\t\t<\/ul>\n\t\t\t\t\t\t<\/div>\n\t\t\t\t<\/div>\n\t\t\t\t<div class=\"elementor-element elementor-element-d68c53c elementor-widget__width-initial elementor-widget elementor-widget-heading\" data-id=\"d68c53c\" data-element_type=\"widget\" data-widget_type=\"heading.default\">\n\t\t\t\t<div class=\"elementor-widget-container\">\n\t\t\t\t\t<h1 class=\"elementor-heading-title elementor-size-default\">Informace o pron\u00e1jmu Motocener rhodos  <\/h1>\t\t\t\t<\/div>\n\t\t\t\t<\/div>\n\t\t\t\t<div class=\"elementor-element elementor-element-7d33ec2 elementor-widget-divider--view-line elementor-widget elementor-widget-divider\" data-id=\"7d33ec2\" data-element_type=\"widget\" data-widget_type=\"divider.default\">\n\t\t\t\t<div class=\"elementor-widget-container\">\n\t\t\t\t\t\t\t<div class=\"elementor-divider\">\n\t\t\t<span class=\"elementor-divider-separator\">\n\t\t\t\t\t\t<\/span>\n\t\t<\/div>\n\t\t\t\t\t\t<\/div>\n\t\t\t\t<\/div>\n\t\t\t\t<div class=\"elementor-element elementor-element-c87b5c0 elementor-widget__width-initial elementor-widget elementor-widget-text-editor\" data-id=\"c87b5c0\" data-element_type=\"widget\" data-widget_type=\"text-editor.default\">\n\t\t\t\t<div class=\"elementor-widget-container\">\n\t\t\t\t\t\t\t\t\t<p>D\u00edky na\u0161emu nov\u00e9mu vozov\u00e9mu parku, profesion\u00e1ln\u00edmu t\u00fdmu, konkurenceschopn\u00fdm cen\u00e1m, flexibilit\u011b, m\u00edstn\u00edm znalostem a snadn\u00e9mu procesu rezervace jsme p\u0159esv\u011bd\u010deni, \u017ee dok\u00e1\u017eeme splnit a p\u0159ekonat va\u0161e o\u010dek\u00e1v\u00e1n\u00ed.<\/p>\t\t\t\t\t\t\t\t<\/div>\n\t\t\t\t<\/div>\n\t\t\t\t\t<\/div>\n\t\t<\/div>\n\t\t\t\t\t<\/div>\n\t\t<\/section>\n\t\t\t\t<section class=\"elementor-section elementor-top-section elementor-element elementor-element-067d2d7 elementor-section-boxed elementor-section-height-default elementor-section-height-default\" data-id=\"067d2d7\" data-element_type=\"section\">\n\t\t\t\t\t\t<div class=\"elementor-container elementor-column-gap-no\">\n\t\t\t\t\t<div class=\"elementor-column elementor-col-100 elementor-top-column elementor-element elementor-element-8fe2fe4\" data-id=\"8fe2fe4\" data-element_type=\"column\">\n\t\t\t<div class=\"elementor-widget-wrap elementor-element-populated\">\n\t\t\t\t\t\t<div class=\"elementor-element elementor-element-cbf8f3a elementor-invisible elementor-widget elementor-widget-heading\" data-id=\"cbf8f3a\" data-element_type=\"widget\" data-settings=\"{&quot;_animation&quot;:&quot;fadeInUp&quot;}\" data-widget_type=\"heading.default\">\n\t\t\t\t<div class=\"elementor-widget-container\">\n\t\t\t\t\t<span class=\"elementor-heading-title elementor-size-default\">Motocenter - Rhodos p\u016fj\u010dovna motocykl\u016f<\/span>\t\t\t\t<\/div>\n\t\t\t\t<\/div>\n\t\t\t\t<div class=\"elementor-element elementor-element-a051f4c elementor-invisible elementor-widget elementor-widget-heading\" data-id=\"a051f4c\" data-element_type=\"widget\" data-settings=\"{&quot;_animation&quot;:&quot;fadeInUp&quot;,&quot;_animation_delay&quot;:200}\" data-widget_type=\"heading.default\">\n\t\t\t\t<div class=\"elementor-widget-container\">\n\t\t\t\t\t<h2 class=\"elementor-heading-title elementor-size-default\">INFORMACE<\/h2>\t\t\t\t<\/div>\n\t\t\t\t<\/div>\n\t\t\t\t\t<\/div>\n\t\t<\/div>\n\t\t\t\t\t<\/div>\n\t\t<\/section>\n\t\t\t\t<section class=\"elementor-section elementor-top-section elementor-element elementor-element-71f0547 elementor-section-boxed elementor-section-height-default elementor-section-height-default\" data-id=\"71f0547\" data-element_type=\"section\">\n\t\t\t\t\t\t<div class=\"elementor-container elementor-column-gap-default\">\n\t\t\t\t\t<div class=\"elementor-column elementor-col-50 elementor-top-column elementor-element elementor-element-bdacd19\" data-id=\"bdacd19\" data-element_type=\"column\" data-settings=\"{&quot;background_background&quot;:&quot;classic&quot;}\">\n\t\t\t<div class=\"elementor-widget-wrap elementor-element-populated\">\n\t\t\t\t\t\t<div class=\"elementor-element elementor-element-252b2fc elementor-invisible elementor-widget elementor-widget-heading\" data-id=\"252b2fc\" data-element_type=\"widget\" data-settings=\"{&quot;_animation&quot;:&quot;fadeInUp&quot;,&quot;_animation_delay&quot;:200}\" data-widget_type=\"heading.default\">\n\t\t\t\t<div class=\"elementor-widget-container\">\n\t\t\t\t\t<h1 class=\"elementor-heading-title elementor-size-default\">P\u016fj\u010dovna sk\u00fatr\u016f a motocykl\u016f na Rhodosu<\/h1>\t\t\t\t<\/div>\n\t\t\t\t<\/div>\n\t\t\t\t<div class=\"elementor-element elementor-element-19f3de5 elementor-widget-divider--view-line elementor-widget elementor-widget-divider\" data-id=\"19f3de5\" data-element_type=\"widget\" data-widget_type=\"divider.default\">\n\t\t\t\t<div class=\"elementor-widget-container\">\n\t\t\t\t\t\t\t<div class=\"elementor-divider\">\n\t\t\t<span class=\"elementor-divider-separator\">\n\t\t\t\t\t\t<\/span>\n\t\t<\/div>\n\t\t\t\t\t\t<\/div>\n\t\t\t\t<\/div>\n\t\t\t\t<div class=\"elementor-element elementor-element-c95c4a8 elementor-widget elementor-widget-text-editor\" data-id=\"c95c4a8\" data-element_type=\"widget\" data-widget_type=\"text-editor.default\">\n\t\t\t\t<div class=\"elementor-widget-container\">\n\t\t\t\t\t\t\t\t\t<p>P\u016fj\u010dovna kol na ostrov\u011b Rhodos je ur\u010dit\u011b jedn\u00edm z nejobl\u00edben\u011bj\u0161\u00edch zp\u016fsob\u016f, jak prozkoumat ostrov nebo dokonce okol\u00ed m\u00edsta, kter\u00e9 jste si vybrali pro str\u00e1ven\u00ed sv\u00e9 dovolen\u00e9.<br \/>Spole\u010dnost MOTO CENTER p\u016fsob\u00ed ji\u017e mnoho let v oblasti p\u016fj\u010doven motocykl\u016f a motorek s velk\u00fdm vozov\u00fdm parkem v dr\u017een\u00ed a se st\u00e1l\u00fdm, zku\u0161en\u00fdm, technick\u00fdm a v\u00edcejazy\u010dn\u00fdm servisn\u00edm person\u00e1lem.<\/p>\t\t\t\t\t\t\t\t<\/div>\n\t\t\t\t<\/div>\n\t\t\t\t<div class=\"elementor-element elementor-element-d57facb elementor-widget elementor-widget-text-editor\" data-id=\"d57facb\" data-element_type=\"widget\" data-widget_type=\"text-editor.default\">\n\t\t\t\t<div class=\"elementor-widget-container\">\n\t\t\t\t\t\t\t\t\t<p><strong><span class=\"tlid-translation translation\" lang=\"en\"><span title=\"\">KANCEL\u00c1\u0158SK\u00c9 HODINY : <\/span><\/span><\/strong><span class=\"tlid-translation translation\" lang=\"en\"><span title=\"\">08.00 &#8211; 22.00<\/span><\/span><\/p>\n<p>Zabezpe\u010den\u00e9 platby Alpha e-Commerce<br \/>V\u0161echny platby kartou jsou zpracov\u00e1v\u00e1ny prost\u0159ednictv\u00edm elektronick\u00e9 platebn\u00ed platformy &#8222;Alpha e-Commerce&#8220; Alpha Bank a pou\u017e\u00edvaj\u00ed \u0161ifrovac\u00ed protokol TLS 1.2 se 128bitov\u00fdm \u0161ifrov\u00e1n\u00edm (Secure Sockets Layer &#8211; SSL).<\/p>\n\t\t\t\t\t\t\t\t<\/div>\n\t\t\t\t<\/div>\n\t\t\t\t\t<\/div>\n\t\t<\/div>\n\t\t\t\t<div class=\"elementor-column elementor-col-50 elementor-top-column elementor-element elementor-element-3e3afba\" data-id=\"3e3afba\" data-element_type=\"column\" data-settings=\"{&quot;background_background&quot;:&quot;classic&quot;}\">\n\t\t\t<div class=\"elementor-widget-wrap elementor-element-populated\">\n\t\t\t\t\t\t<div class=\"elementor-element elementor-element-7698177 elementor-widget elementor-widget-heading\" data-id=\"7698177\" data-element_type=\"widget\" data-widget_type=\"heading.default\">\n\t\t\t\t<div class=\"elementor-widget-container\">\n\t\t\t\t\t<h2 class=\"elementor-heading-title elementor-size-default\">Cena zahrnuje:<\/h2>\t\t\t\t<\/div>\n\t\t\t\t<\/div>\n\t\t\t\t<div class=\"elementor-element elementor-element-6a180d7 elementor-widget__width-initial elementor-widget-mobile__width-inherit elementor-icon-list--layout-traditional elementor-list-item-link-full_width elementor-widget elementor-widget-icon-list\" data-id=\"6a180d7\" data-element_type=\"widget\" data-widget_type=\"icon-list.default\">\n\t\t\t\t<div class=\"elementor-widget-container\">\n\t\t\t\t\t\t\t<ul class=\"elementor-icon-list-items\">\n\t\t\t\t\t\t\t<li class=\"elementor-icon-list-item\">\n\t\t\t\t\t\t\t\t\t\t\t<span class=\"elementor-icon-list-icon\">\n\t\t\t\t\t\t\t<i aria-hidden=\"true\" class=\"fas fa-check\"><\/i>\t\t\t\t\t\t<\/span>\n\t\t\t\t\t\t\t\t\t\t<span class=\"elementor-icon-list-text\">Poji\u0161t\u011bn\u00ed<\/span>\n\t\t\t\t\t\t\t\t\t<\/li>\n\t\t\t\t\t\t<\/ul>\n\t\t\t\t\t\t<\/div>\n\t\t\t\t<\/div>\n\t\t\t\t<div class=\"elementor-element elementor-element-c7ddc94 elementor-widget__width-initial elementor-widget-mobile__width-inherit elementor-icon-list--layout-traditional elementor-list-item-link-full_width elementor-widget elementor-widget-icon-list\" data-id=\"c7ddc94\" data-element_type=\"widget\" data-widget_type=\"icon-list.default\">\n\t\t\t\t<div class=\"elementor-widget-container\">\n\t\t\t\t\t\t\t<ul class=\"elementor-icon-list-items\">\n\t\t\t\t\t\t\t<li class=\"elementor-icon-list-item\">\n\t\t\t\t\t\t\t\t\t\t\t<span class=\"elementor-icon-list-icon\">\n\t\t\t\t\t\t\t<i aria-hidden=\"true\" class=\"fas fa-check\"><\/i>\t\t\t\t\t\t<\/span>\n\t\t\t\t\t\t\t\t\t\t<span class=\"elementor-icon-list-text\">Silni\u010dn\u00ed asistence<\/span>\n\t\t\t\t\t\t\t\t\t<\/li>\n\t\t\t\t\t\t<\/ul>\n\t\t\t\t\t\t<\/div>\n\t\t\t\t<\/div>\n\t\t\t\t<div class=\"elementor-element elementor-element-e5a2b16 elementor-widget__width-initial elementor-widget-mobile__width-inherit elementor-icon-list--layout-traditional elementor-list-item-link-full_width elementor-widget elementor-widget-icon-list\" data-id=\"e5a2b16\" data-element_type=\"widget\" data-widget_type=\"icon-list.default\">\n\t\t\t\t<div class=\"elementor-widget-container\">\n\t\t\t\t\t\t\t<ul class=\"elementor-icon-list-items\">\n\t\t\t\t\t\t\t<li class=\"elementor-icon-list-item\">\n\t\t\t\t\t\t\t\t\t\t\t<span class=\"elementor-icon-list-icon\">\n\t\t\t\t\t\t\t<i aria-hidden=\"true\" class=\"fas fa-check\"><\/i>\t\t\t\t\t\t<\/span>\n\t\t\t\t\t\t\t\t\t\t<span class=\"elementor-icon-list-text\">Voln\u00e9 kilometry<\/span>\n\t\t\t\t\t\t\t\t\t<\/li>\n\t\t\t\t\t\t<\/ul>\n\t\t\t\t\t\t<\/div>\n\t\t\t\t<\/div>\n\t\t\t\t<div class=\"elementor-element elementor-element-4391339 elementor-widget__width-initial elementor-widget-mobile__width-inherit elementor-icon-list--layout-traditional elementor-list-item-link-full_width elementor-widget elementor-widget-icon-list\" data-id=\"4391339\" data-element_type=\"widget\" data-widget_type=\"icon-list.default\">\n\t\t\t\t<div class=\"elementor-widget-container\">\n\t\t\t\t\t\t\t<ul class=\"elementor-icon-list-items\">\n\t\t\t\t\t\t\t<li class=\"elementor-icon-list-item\">\n\t\t\t\t\t\t\t\t\t\t\t<span class=\"elementor-icon-list-icon\">\n\t\t\t\t\t\t\t<i aria-hidden=\"true\" class=\"fas fa-check\"><\/i>\t\t\t\t\t\t<\/span>\n\t\t\t\t\t\t\t\t\t\t<span class=\"elementor-icon-list-text\">P\u0159ilby<\/span>\n\t\t\t\t\t\t\t\t\t<\/li>\n\t\t\t\t\t\t<\/ul>\n\t\t\t\t\t\t<\/div>\n\t\t\t\t<\/div>\n\t\t\t\t<div class=\"elementor-element elementor-element-1f93c22 elementor-widget__width-initial elementor-widget-mobile__width-inherit elementor-icon-list--layout-traditional elementor-list-item-link-full_width elementor-widget elementor-widget-icon-list\" data-id=\"1f93c22\" data-element_type=\"widget\" data-widget_type=\"icon-list.default\">\n\t\t\t\t<div class=\"elementor-widget-container\">\n\t\t\t\t\t\t\t<ul class=\"elementor-icon-list-items\">\n\t\t\t\t\t\t\t<li class=\"elementor-icon-list-item\">\n\t\t\t\t\t\t\t\t\t\t\t<span class=\"elementor-icon-list-icon\">\n\t\t\t\t\t\t\t<i aria-hidden=\"true\" class=\"fas fa-check\"><\/i>\t\t\t\t\t\t<\/span>\n\t\t\t\t\t\t\t\t\t\t<span class=\"elementor-icon-list-text\">V\u0161echny dan\u011b (24 %)<\/span>\n\t\t\t\t\t\t\t\t\t<\/li>\n\t\t\t\t\t\t<\/ul>\n\t\t\t\t\t\t<\/div>\n\t\t\t\t<\/div>\n\t\t\t\t<div class=\"elementor-element elementor-element-f540e08 elementor-widget__width-initial elementor-widget elementor-widget-text-editor\" data-id=\"f540e08\" data-element_type=\"widget\" data-widget_type=\"text-editor.default\">\n\t\t\t\t<div class=\"elementor-widget-container\">\n\t\t\t\t\t\t\t\t\t<p>Pokud nejste evropsk\u00fdm ob\u010danem, mus\u00edte m\u00edt mezin\u00e1rodn\u00ed \u0159idi\u010dsk\u00fd pr\u016fkaz.<\/p>\n<p>J\u00edzda mimo silnice je ZAK\u00c1Z\u00c1NA<br \/><span class=\"tlid-translation translation\" lang=\"en\"><span title=\"\">Nen\u00ed mo\u017en\u00e9 si zap\u016fj\u010dit moto s fotokopi\u00ed \u0159idi\u010dsk\u00e9ho pr\u016fkazu.<\/span><\/span><br \/>Dal\u0161\u00ed \u0159idi\u010d (na vy\u017e\u00e1d\u00e1n\u00ed) pro v\u0161echny kategorie.<strong><br \/><\/strong>\u0158idi\u010d mus\u00ed m\u00edt leg\u00e1ln\u00ed \u0159idi\u010dsk\u00fd pr\u016fkaz na sv\u00e9 jm\u00e9no.<\/p>\n<p><span class=\"tlid-translation translation\" lang=\"en\"><span title=\"\">Motocykly (nebo sk\u00fatry) m\u016f\u017ee \u0159\u00eddit pouze ten, kdo si je pronajal.<\/span><\/span><\/p>\n<p>Palivo: <span class=\"tlid-translation translation\" lang=\"en\"><span title=\"\"><br \/>N\u00e1jemce je povinen vr\u00e1tit kolo s takov\u00fdm obsahem n\u00e1dr\u017ee, jak\u00fd m\u011bl p\u0159i p\u0159evzet\u00ed.<\/span><\/span><\/p>\n\t\t\t\t\t\t\t\t<\/div>\n\t\t\t\t<\/div>\n\t\t\t\t\t<\/div>\n\t\t<\/div>\n\t\t\t\t\t<\/div>\n\t\t<\/section>\n\t\t\t\t<section class=\"elementor-section elementor-top-section elementor-element elementor-element-fd7e16b elementor-section-boxed elementor-section-height-default elementor-section-height-default\" data-id=\"fd7e16b\" data-element_type=\"section\">\n\t\t\t\t\t\t<div class=\"elementor-container elementor-column-gap-default\">\n\t\t\t\t\t<div class=\"elementor-column elementor-col-100 elementor-top-column elementor-element elementor-element-7a3ff82\" data-id=\"7a3ff82\" data-element_type=\"column\">\n\t\t\t<div class=\"elementor-widget-wrap elementor-element-populated\">\n\t\t\t\t\t\t<div class=\"elementor-element elementor-element-09c687b elementor-widget elementor-widget-image\" data-id=\"09c687b\" data-element_type=\"widget\" data-widget_type=\"image.default\">\n\t\t\t\t<div class=\"elementor-widget-container\">\n\t\t\t\t\t\t\t\t\t\t\t\t\t\t\t\t<a href=\"https:\/\/car.bookingplan.gr\/carweb\/moto-center-rent-a-moto.html\">\n\t\t\t\t\t\t\t<img fetchpriority=\"high\" decoding=\"async\" width=\"800\" height=\"178\" src=\"https:\/\/motocenter-rhodes.com\/wp-content\/uploads\/2024\/11\/BOOK.jpg\" class=\"attachment-large size-large wp-image-816\" alt=\"BOOK\" srcset=\"https:\/\/motocenter-rhodes.com\/wp-content\/uploads\/2024\/11\/BOOK.jpg 800w, https:\/\/motocenter-rhodes.com\/wp-content\/uploads\/2024\/11\/BOOK-300x67.jpg 300w, https:\/\/motocenter-rhodes.com\/wp-content\/uploads\/2024\/11\/BOOK-768x171.jpg 768w\" sizes=\"(max-width: 800px) 100vw, 800px\" \/>\t\t\t\t\t\t\t\t<\/a>\n\t\t\t\t\t\t\t\t\t\t\t\t\t\t\t<\/div>\n\t\t\t\t<\/div>\n\t\t\t\t\t<\/div>\n\t\t<\/div>\n\t\t\t\t\t<\/div>\n\t\t<\/section>\n\t\t\t\t<\/div>\n\t\t","protected":false},"excerpt":{"rendered":"<p>INFORMACE &#8211; P\u016fj\u010dovna sk\u00fatr\u016f a motocykl\u016f na Rhodosu<\/p>\n","protected":false},"author":1,"featured_media":1496,"parent":0,"menu_order":0,"comment_status":"closed","ping_status":"closed","template":"elementor_header_footer","meta":{"om_disable_all_campaigns":false,"_monsterinsights_skip_tracking":false,"_monsterinsights_sitenote_active":false,"_monsterinsights_sitenote_note":"","_monsterinsights_sitenote_category":0,"footnotes":""},"class_list":["post-1794","page","type-page","status-publish","has-post-thumbnail","hentry"],"aioseo_notices":[],"_links":{"self":[{"href":"https:\/\/motocenter-rhodes.com\/cs\/wp-json\/wp\/v2\/pages\/1794","targetHints":{"allow":["GET"]}}],"collection":[{"href":"https:\/\/motocenter-rhodes.com\/cs\/wp-json\/wp\/v2\/pages"}],"about":[{"href":"https:\/\/motocenter-rhodes.com\/cs\/wp-json\/wp\/v2\/types\/page"}],"author":[{"embeddable":true,"href":"https:\/\/motocenter-rhodes.com\/cs\/wp-json\/wp\/v2\/users\/1"}],"replies":[{"embeddable":true,"href":"https:\/\/motocenter-rhodes.com\/cs\/wp-json\/wp\/v2\/comments?post=1794"}],"version-history":[{"count":6,"href":"https:\/\/motocenter-rhodes.com\/cs\/wp-json\/wp\/v2\/pages\/1794\/revisions"}],"predecessor-version":[{"id":2169,"href":"https:\/\/motocenter-rhodes.com\/cs\/wp-json\/wp\/v2\/pages\/1794\/revisions\/2169"}],"wp:featuredmedia":[{"embeddable":true,"href":"https:\/\/motocenter-rhodes.com\/cs\/wp-json\/wp\/v2\/media\/1496"}],"wp:attachment":[{"href":"https:\/\/motocenter-rhodes.com\/cs\/wp-json\/wp\/v2\/media?parent=1794"}],"curies":[{"name":"wp","href":"https:\/\/api.w.org\/{rel}","templated":true}]}}